{"id":4795,"date":"2022-08-09T12:40:10","date_gmt":"2022-08-09T12:40:10","guid":{"rendered":"https:\/\/ringelsteiner-muehle.de\/?page_id=4795"},"modified":"2022-08-09T13:01:35","modified_gmt":"2022-08-09T13:01:35","slug":"gastebuch","status":"publish","type":"page","link":"https:\/\/ringelsteiner-muehle.de\/en\/gastebuch\/","title":{"rendered":"Guestbook"},"content":{"rendered":"<div data-elementor-type=\"wp-page\" data-elementor-id=\"4795\" class=\"elementor elementor-4795\">\n\t\t\t\t\t\t<section class=\"elementor-section elementor-top-section elementor-element elementor-element-a3ab997 elementor-section-stretched elementor-section-height-min-height elementor-section-content-middle elementor-section-boxed elementor-section-height-default elementor-section-items-middle\" data-id=\"a3ab997\" data-element_type=\"section\" data-settings=\"{&quot;stretch_section&quot;:&quot;section-stretched&quot;,&quot;background_background&quot;:&quot;classic&quot;,&quot;hoteller_ext_is_background_on_scroll&quot;:&quot;false&quot;}\">\n\t\t\t\t\t\t\t<div class=\"elementor-background-overlay\"><\/div>\n\t\t\t\t\t\t\t<div class=\"elementor-container elementor-column-gap-default\">\n\t\t\t\t\t<div class=\"elementor-column elementor-col-100 elementor-top-column elementor-element elementor-element-8988f87\" data-id=\"8988f87\" data-element_type=\"column\" data-settings=\"{&quot;hoteller_ext_is_scrollme&quot;:&quot;false&quot;,&quot;hoteller_ext_is_smoove&quot;:&quot;false&quot;,&quot;hoteller_ext_is_parallax_mouse&quot;:&quot;false&quot;,&quot;hoteller_ext_is_infinite&quot;:&quot;false&quot;,&quot;hoteller_ext_is_fadeout_animation&quot;:&quot;false&quot;}\">\n\t\t\t<div class=\"elementor-widget-wrap elementor-element-populated\">\n\t\t\t\t\t\t<div class=\"elementor-element elementor-element-1ec0746 elementor-widget elementor-widget-hoteller-animated-text\" data-id=\"1ec0746\" data-element_type=\"widget\" data-settings=\"{&quot;hoteller_ext_is_fadeout_animation&quot;:&quot;true&quot;,&quot;hoteller_ext_is_fadeout_animation_velocity&quot;:{&quot;unit&quot;:&quot;px&quot;,&quot;size&quot;:0.4,&quot;sizes&quot;:[]},&quot;hoteller_ext_is_scrollme&quot;:&quot;false&quot;,&quot;hoteller_ext_is_smoove&quot;:&quot;false&quot;,&quot;hoteller_ext_is_parallax_mouse&quot;:&quot;false&quot;,&quot;hoteller_ext_is_infinite&quot;:&quot;false&quot;,&quot;hoteller_ext_is_fadeout_animation_direction&quot;:&quot;up&quot;}\" data-widget_type=\"hoteller-animated-text.default\">\n\t\t\t\t<div class=\"elementor-widget-container\">\n\t\t\t\t\t<div class=\"themegoods-animated-text text-alignment-center transition-bottom overflow-hidden\" data-delimiter=\"word\" data-transition=\"100\" data-transition-delay=\"0\" data-transition-duration=\"800\">\n\t\t<h1>\n\t\tGuestbook\t<\/h1>\n\t<\/div>\t\t\t\t<\/div>\n\t\t\t\t<\/div>\n\t\t\t\t\t<\/div>\n\t\t<\/div>\n\t\t\t\t\t<\/div>\n\t\t<\/section>\n\t\t\t\t<section class=\"elementor-section elementor-top-section elementor-element elementor-element-7f43d3f elementor-section-boxed elementor-section-height-default elementor-section-height-default\" data-id=\"7f43d3f\" data-element_type=\"section\" data-settings=\"{&quot;hoteller_ext_is_background_parallax&quot;:&quot;false&quot;,&quot;hoteller_ext_is_background_on_scroll&quot;:&quot;false&quot;}\">\n\t\t\t\t\t\t<div class=\"elementor-container elementor-column-gap-default\">\n\t\t\t\t\t<div class=\"elementor-column elementor-col-100 elementor-top-column elementor-element elementor-element-e1b4ee0\" data-id=\"e1b4ee0\" data-element_type=\"column\" data-settings=\"{&quot;hoteller_ext_is_scrollme&quot;:&quot;false&quot;,&quot;hoteller_ext_is_smoove&quot;:&quot;false&quot;,&quot;hoteller_ext_is_parallax_mouse&quot;:&quot;false&quot;,&quot;hoteller_ext_is_infinite&quot;:&quot;false&quot;,&quot;hoteller_ext_is_fadeout_animation&quot;:&quot;false&quot;}\">\n\t\t\t<div class=\"elementor-widget-wrap elementor-element-populated\">\n\t\t\t\t\t\t<div class=\"elementor-element elementor-element-cd35aaa elementor-widget elementor-widget-shortcode\" data-id=\"cd35aaa\" data-element_type=\"widget\" data-settings=\"{&quot;hoteller_ext_is_scrollme&quot;:&quot;false&quot;,&quot;hoteller_ext_is_smoove&quot;:&quot;false&quot;,&quot;hoteller_ext_is_parallax_mouse&quot;:&quot;false&quot;,&quot;hoteller_ext_is_infinite&quot;:&quot;false&quot;,&quot;hoteller_ext_is_fadeout_animation&quot;:&quot;false&quot;}\" data-widget_type=\"shortcode.default\">\n\t\t\t\t<div class=\"elementor-widget-container\">\n\t\t\t\t\t\t\t<div class=\"elementor-shortcode\"><div class=\"gwolle-gb\"><div class=\"gwolle_gb_messages_top_container\"><\/div>\n\t\t\t<div class=\"gwolle-gb-write-button\">\n\t\t\t\t<input type=\"button\" name=\"gwolle-gb-write-button\" class=\"button btn btn-default\" value=\"Write a new entry.\" \/>\n\t\t\t<\/div>\n\t\t\t<form action=\"#\" method=\"POST\" class=\"gwolle-gb-write gwolle-gb-hide gwolle-gb-float gwolle_gb_form_ajax gwolle-gb-form-ajax gwolle-gb-ajax gwolle-gb-not-logged-in\" data-trp-original-action=\"#\">\n\t\t\t\t<h3>Write a new entry for the Guestbook<\/h3>\n\t\t\t\t<button type=\"button\" class=\"gb-notice-dismiss\">x<span class=\"screen-reader-text\">Hide this form.<\/span><\/button>\n\t\t\t\n\t\t\t\t<input type=\"hidden\" name=\"gwolle_gb_function\" class=\"gwolle_gb_function\" value=\"add_entry\" \/><input type=\"hidden\" name=\"gwolle_gb_book_id\" class=\"gwolle_gb_book_id\" value=\"1\" \/><div class=\"gwolle_gb_9d47a7485bbc3d97db8cde597c3c17fd\">\n\t\t\t\t<div class=\"label\"><label for=\"gwolle_gb_9d47a7485bbc3d97db8cde597c3c17fd-1\" class=\"text-info\">Name <span class=\"required\">*<\/span><\/label><\/div>\n\t\t\t\t<div class=\"input\"><input class=\"wp-exclude-emoji gwolle_gb_9d47a7485bbc3d97db8cde597c3c17fd\" value=\"\" type=\"text\" id=\"gwolle_gb_9d47a7485bbc3d97db8cde597c3c17fd-1\" name=\"gwolle_gb_9d47a7485bbc3d97db8cde597c3c17fd\" required \/><\/div>\n\t\t\t\t<div class=\"clearBoth\">&nbsp;<\/div>\n\t\t\t<\/div><div class=\"gwolle_gb_8b64245841c27f15f4de819745a52ef1\">\n\t\t\t\t\t<div class=\"label\"><label for=\"gwolle_gb_8b64245841c27f15f4de819745a52ef1-1\" class=\"text-info\">City<\/label><\/div>\n\t\t\t\t\t<div class=\"input\"><input class=\"wp-exclude-emoji gwolle_gb_8b64245841c27f15f4de819745a52ef1\" value=\"\" type=\"text\" id=\"gwolle_gb_8b64245841c27f15f4de819745a52ef1-1\" name=\"gwolle_gb_8b64245841c27f15f4de819745a52ef1\" \/><\/div>\n\t\t\t\t\t<div class=\"clearBoth\">&nbsp;<\/div>\n\t\t\t\t<\/div><div class=\"gwolle_gb_29da3c8d45205202206bfa3ed8535190\">\n\t\t\t\t<div class=\"label\"><label for=\"gwolle_gb_29da3c8d45205202206bfa3ed8535190-1\" class=\"text-info\">Email <span class=\"required\">*<\/span><\/label><\/div>\n\t\t\t\t<div class=\"input\"><input class=\"gwolle_gb_29da3c8d45205202206bfa3ed8535190\" value=\"\" type=\"email\" id=\"gwolle_gb_29da3c8d45205202206bfa3ed8535190-1\" name=\"gwolle_gb_29da3c8d45205202206bfa3ed8535190\" required \/><\/div>\n\t\t\t\t<div class=\"clearBoth\">&nbsp;<\/div>\n\t\t\t<\/div>\n\t\t\t<div class=\"gwolle_gb_e261eaca339501ee1cb70cd3623230c5\" style=\"display:none;overflow:hidden;\" hidden=\"true\" aria-hidden=\"true\">\n\t\t\t\t<div class=\"label\">\n\t\t\t\t\t<label for=\"gwolle_gb_e261eaca339501ee1cb70cd3623230c5-1\" class=\"text-primary\">Do not touch this<\/label>\n\t\t\t\t\t<label for=\"gwolle_gb_f4c4182dc6869bd1c1b3f4ffb3c081a5-1\" class=\"text-primary\">Do not touch this<\/label>\n\t\t\t\t<\/div>\n\t\t\t\t<div class=\"input\">\n\t\t\t\t\t<input value=\"31\" type=\"text\" id=\"gwolle_gb_e261eaca339501ee1cb70cd3623230c5-1\" name=\"gwolle_gb_e261eaca339501ee1cb70cd3623230c5\" class=\"gwolle_gb_e261eaca339501ee1cb70cd3623230c5\" style=\"transform: translateY(10000px);\" \/>\n\t\t\t\t\t<input value=\"\" type=\"text\" name=\"gwolle_gb_f4c4182dc6869bd1c1b3f4ffb3c081a5\" id=\"gwolle_gb_f4c4182dc6869bd1c1b3f4ffb3c081a5-1\" class=\"gwolle_gb_f4c4182dc6869bd1c1b3f4ffb3c081a5\" style=\"transform: translateY(10000px);\" \/>\n\t\t\t\t<\/div>\n\t\t\t\t<div class=\"clearBoth\"><\/div>\n\t\t\t<\/div>\n\t\t\t<div class=\"gwolle_gb_0bc9d4c57e90a4a02514a3ef8893546a\" style=\"display:none;overflow:hidden;\" hidden=\"true\" aria-hidden=\"true\">\n\t\t\t\t<div class=\"label\">\n\t\t\t\t\t<label for=\"gwolle_gb_0bc9d4c57e90a4a02514a3ef8893546a-1\" class=\"text-primary\">Do not touch this<\/label>\n\t\t\t\t\t<label for=\"gwolle_gb_3f1f884c0f9b296d932a5ed8d93fdbc7-1\" class=\"text-primary\">Do not touch this<\/label>\n\t\t\t\t<\/div>\n\t\t\t\t<div class=\"input\">\n\t\t\t\t\t<input value=\"67452\" type=\"text\" id=\"gwolle_gb_0bc9d4c57e90a4a02514a3ef8893546a-1\" name=\"gwolle_gb_0bc9d4c57e90a4a02514a3ef8893546a\" class=\"gwolle_gb_0bc9d4c57e90a4a02514a3ef8893546a\" style=\"transform: translateY(10000px);\" \/>\n\t\t\t\t\t<input value=\"67452\" type=\"text\"id=\"gwolle_gb_3f1f884c0f9b296d932a5ed8d93fdbc7-1\" name=\"gwolle_gb_3f1f884c0f9b296d932a5ed8d93fdbc7\" class=\"gwolle_gb_3f1f884c0f9b296d932a5ed8d93fdbc7\" style=\"transform: translateY(10000px);\" \/>\n\t\t\t\t<\/div>\n\t\t\t\t<div class=\"clearBoth\"><\/div>\n\t\t\t<\/div><div class=\"gwolle_gb_content\">\n\t\t\t\t<div class=\"label\"><label for=\"gwolle_gb_content-1\" class=\"text-info\">Guestbook entry <span class=\"required\">*<\/span><\/label><\/div>\n\t\t\t\t<div class=\"input\"><textarea id=\"gwolle_gb_content-1\" name=\"gwolle_gb_content\" class=\"gwolle_gb_content wp-exclude-emoji\" required><\/textarea><\/div>\n\t\t\t\t\t<div class=\"clearBoth\">&nbsp;<\/div>\n\t\t\t\t<\/div><input type=\"hidden\" class=\"gwolle_gb_052aab9e65f70c6631012930ced526ba\" id=\"gwolle_gb_052aab9e65f70c6631012930ced526ba-1\" name=\"gwolle_gb_052aab9e65f70c6631012930ced526ba\" value=\"e583377234\" \/>\n\t\t\t<div class=\"gwolle_gb_messages_bottom_container\"><\/div>\n\n\t\t\t<noscript><div class=\"no-js\">Warning: This form can only be used if JavaScript is enabled in your browser.<\/div><\/noscript>\n\n\t\t\t<div class=\"gwolle_gb_submit\">\n\t\t\t\t<div class=\"label gwolle-gb-invisible text-muted\">&nbsp;<\/div>\n\t\t\t\t<div class=\"input\">\n\t\t\t\t\t<input type=\"submit\" name=\"gwolle_gb_submit\" class=\"gwolle_gb_submit button btn btn-primary\" value=\"Submit\" \/>\n\t\t\t\t\t<span class=\"gwolle_gb_submit_ajax_icon\"><\/span>\n\t\t\t\n\t\t\t\t<\/div>\n\t\t\t\t<div class=\"clearBoth\">&nbsp;<\/div>\n\t\t\t<\/div>\n\n\t\t\t<div class=\"gwolle_gb_notice\">\n\t\t\t\tFields marked with * are required.<br \/>\r\nYour E-mail address won't be published.<br \/>\r\nIt's possible that your entry will only be visible in the guestbook after we reviewed it.<br \/>\r\nWe reserve the right to edit, delete, or not publish entries.\n\t\t\t<\/div><input type=\"hidden\" name=\"trp-form-language\" value=\"en\"\/><\/form><div class=\"gwolle-gb-read gwolle-gb-ajax gwolle-gb-entries-list\" data-book_id=\"1\">(no entries yet)<\/div><\/div><\/div>\n\t\t\t\t\t\t<\/div>\n\t\t\t\t<\/div>\n\t\t\t\t\t<\/div>\n\t\t<\/div>\n\t\t\t\t\t<\/div>\n\t\t<\/section>\n\t\t\t\t<\/div>","protected":false},"excerpt":{"rendered":"<p>Guestbook<\/p>","protected":false},"author":3,"featured_media":0,"parent":0,"menu_order":0,"comment_status":"closed","ping_status":"closed","template":"","meta":{"_acf_changed":false,"footnotes":""},"class_list":["post-4795","page","type-page","status-publish","hentry"],"acf":[],"yoast_head":"<!-- This site is optimized with the Yoast SEO plugin v26.6 - https:\/\/yoast.com\/wordpress\/plugins\/seo\/ -->\n<title>G\u00e4stebuch - Landhotel Ringelsteiner M\u00fchle<\/title>\n<meta name=\"robots\" content=\"index, follow, max-snippet:-1, max-image-preview:large, max-video-preview:-1\" \/>\n<link rel=\"canonical\" href=\"https:\/\/ringelsteiner-muehle.de\/en\/gastebuch\/\" \/>\n<meta property=\"og:locale\" content=\"en_GB\" \/>\n<meta property=\"og:type\" content=\"article\" \/>\n<meta property=\"og:title\" content=\"G\u00e4stebuch - Landhotel Ringelsteiner M\u00fchle\" \/>\n<meta property=\"og:description\" content=\"G\u00e4stebuch\" \/>\n<meta property=\"og:url\" content=\"https:\/\/ringelsteiner-muehle.de\/en\/gastebuch\/\" \/>\n<meta property=\"og:site_name\" content=\"Landhotel Ringelsteiner M\u00fchle\" \/>\n<meta property=\"article:modified_time\" content=\"2022-08-09T13:01:35+00:00\" \/>\n<meta name=\"twitter:card\" content=\"summary_large_image\" \/>\n<meta name=\"twitter:label1\" content=\"Estimated reading time\" \/>\n\t<meta name=\"twitter:data1\" content=\"1 minute\" \/>\n<script type=\"application\/ld+json\" class=\"yoast-schema-graph\">{\"@context\":\"https:\/\/schema.org\",\"@graph\":[{\"@type\":\"WebPage\",\"@id\":\"https:\/\/ringelsteiner-muehle.de\/gastebuch\/\",\"url\":\"https:\/\/ringelsteiner-muehle.de\/gastebuch\/\",\"name\":\"G\u00e4stebuch - Landhotel Ringelsteiner M\u00fchle\",\"isPartOf\":{\"@id\":\"http:\/\/ringelsteiner-muehle.de\/en\/#website\"},\"datePublished\":\"2022-08-09T12:40:10+00:00\",\"dateModified\":\"2022-08-09T13:01:35+00:00\",\"breadcrumb\":{\"@id\":\"https:\/\/ringelsteiner-muehle.de\/gastebuch\/#breadcrumb\"},\"inLanguage\":\"en-GB\",\"potentialAction\":[{\"@type\":\"ReadAction\",\"target\":[\"https:\/\/ringelsteiner-muehle.de\/gastebuch\/\"]}]},{\"@type\":\"BreadcrumbList\",\"@id\":\"https:\/\/ringelsteiner-muehle.de\/gastebuch\/#breadcrumb\",\"itemListElement\":[{\"@type\":\"ListItem\",\"position\":1,\"name\":\"Home\",\"item\":\"https:\/\/ringelsteiner-muehle.de\/\"},{\"@type\":\"ListItem\",\"position\":2,\"name\":\"G\u00e4stebuch\"}]},{\"@type\":\"WebSite\",\"@id\":\"http:\/\/ringelsteiner-muehle.de\/en\/#website\",\"url\":\"http:\/\/ringelsteiner-muehle.de\/en\/\",\"name\":\"Landhotel Ringelsteiner M\u00fchle\",\"description\":\"Ihr Hotel im Moseltal\",\"potentialAction\":[{\"@type\":\"SearchAction\",\"target\":{\"@type\":\"EntryPoint\",\"urlTemplate\":\"http:\/\/ringelsteiner-muehle.de\/en\/?s={search_term_string}\"},\"query-input\":{\"@type\":\"PropertyValueSpecification\",\"valueRequired\":true,\"valueName\":\"search_term_string\"}}],\"inLanguage\":\"en-GB\"}]}<\/script>\n<!-- \/ Yoast SEO plugin. -->","yoast_head_json":{"title":"G\u00e4stebuch - Landhotel Ringelsteiner M\u00fchle","robots":{"index":"index","follow":"follow","max-snippet":"max-snippet:-1","max-image-preview":"max-image-preview:large","max-video-preview":"max-video-preview:-1"},"canonical":"https:\/\/ringelsteiner-muehle.de\/en\/gastebuch\/","og_locale":"en_GB","og_type":"article","og_title":"G\u00e4stebuch - Landhotel Ringelsteiner M\u00fchle","og_description":"G\u00e4stebuch","og_url":"https:\/\/ringelsteiner-muehle.de\/en\/gastebuch\/","og_site_name":"Landhotel Ringelsteiner M\u00fchle","article_modified_time":"2022-08-09T13:01:35+00:00","twitter_card":"summary_large_image","twitter_misc":{"Estimated reading time":"1 minute"},"schema":{"@context":"https:\/\/schema.org","@graph":[{"@type":"WebPage","@id":"https:\/\/ringelsteiner-muehle.de\/gastebuch\/","url":"https:\/\/ringelsteiner-muehle.de\/gastebuch\/","name":"G\u00e4stebuch - Landhotel Ringelsteiner M\u00fchle","isPartOf":{"@id":"http:\/\/ringelsteiner-muehle.de\/en\/#website"},"datePublished":"2022-08-09T12:40:10+00:00","dateModified":"2022-08-09T13:01:35+00:00","breadcrumb":{"@id":"https:\/\/ringelsteiner-muehle.de\/gastebuch\/#breadcrumb"},"inLanguage":"en-GB","potentialAction":[{"@type":"ReadAction","target":["https:\/\/ringelsteiner-muehle.de\/gastebuch\/"]}]},{"@type":"BreadcrumbList","@id":"https:\/\/ringelsteiner-muehle.de\/gastebuch\/#breadcrumb","itemListElement":[{"@type":"ListItem","position":1,"name":"Home","item":"https:\/\/ringelsteiner-muehle.de\/"},{"@type":"ListItem","position":2,"name":"G\u00e4stebuch"}]},{"@type":"WebSite","@id":"http:\/\/ringelsteiner-muehle.de\/en\/#website","url":"http:\/\/ringelsteiner-muehle.de\/en\/","name":"Landhotel Ringelsteiner M\u00fchle","description":"Ihr Hotel im Moseltal","potentialAction":[{"@type":"SearchAction","target":{"@type":"EntryPoint","urlTemplate":"http:\/\/ringelsteiner-muehle.de\/en\/?s={search_term_string}"},"query-input":{"@type":"PropertyValueSpecification","valueRequired":true,"valueName":"search_term_string"}}],"inLanguage":"en-GB"}]}},"_links":{"self":[{"href":"https:\/\/ringelsteiner-muehle.de\/en\/wp-json\/wp\/v2\/pages\/4795","targetHints":{"allow":["GET"]}}],"collection":[{"href":"https:\/\/ringelsteiner-muehle.de\/en\/wp-json\/wp\/v2\/pages"}],"about":[{"href":"https:\/\/ringelsteiner-muehle.de\/en\/wp-json\/wp\/v2\/types\/page"}],"author":[{"embeddable":true,"href":"https:\/\/ringelsteiner-muehle.de\/en\/wp-json\/wp\/v2\/users\/3"}],"replies":[{"embeddable":true,"href":"https:\/\/ringelsteiner-muehle.de\/en\/wp-json\/wp\/v2\/comments?post=4795"}],"version-history":[{"count":14,"href":"https:\/\/ringelsteiner-muehle.de\/en\/wp-json\/wp\/v2\/pages\/4795\/revisions"}],"predecessor-version":[{"id":4817,"href":"https:\/\/ringelsteiner-muehle.de\/en\/wp-json\/wp\/v2\/pages\/4795\/revisions\/4817"}],"wp:attachment":[{"href":"https:\/\/ringelsteiner-muehle.de\/en\/wp-json\/wp\/v2\/media?parent=4795"}],"curies":[{"name":"wp","href":"https:\/\/api.w.org\/{rel}","templated":true}]}}