{"id":4747,"date":"2022-07-08T13:58:16","date_gmt":"2022-07-08T13:58:16","guid":{"rendered":"https:\/\/ringelsteiner-muehle.de\/?page_id=4747"},"modified":"2025-03-17T15:58:51","modified_gmt":"2025-03-17T15:58:51","slug":"mosel-in-der-vorweihnachtszeit","status":"publish","type":"page","link":"https:\/\/ringelsteiner-muehle.de\/en\/arrangements\/mosel-in-der-vorweihnachtszeit\/","title":{"rendered":"Celebrate Christmas with us in the mill barn"},"content":{"rendered":"<div data-elementor-type=\"wp-page\" data-elementor-id=\"4747\" class=\"elementor elementor-4747\">\n\t\t\t\t\t\t<section class=\"elementor-section elementor-top-section elementor-element elementor-element-f46a8ec elementor-section-height-min-height elementor-section-content-middle elementor-section-stretched elementor-section-boxed elementor-section-height-default elementor-section-items-middle\" data-id=\"f46a8ec\" data-element_type=\"section\" data-settings=\"{&quot;stretch_section&quot;:&quot;section-stretched&quot;,&quot;background_background&quot;:&quot;classic&quot;,&quot;hoteller_ext_is_background_parallax&quot;:&quot;false&quot;,&quot;hoteller_ext_is_background_on_scroll&quot;:&quot;false&quot;}\">\n\t\t\t\t\t\t\t<div class=\"elementor-background-overlay\"><\/div>\n\t\t\t\t\t\t\t<div class=\"elementor-container elementor-column-gap-default\">\n\t\t\t\t\t<div class=\"elementor-column elementor-col-100 elementor-top-column elementor-element elementor-element-bc918a1\" data-id=\"bc918a1\" data-element_type=\"column\" data-settings=\"{&quot;hoteller_ext_is_scrollme&quot;:&quot;false&quot;,&quot;hoteller_ext_is_smoove&quot;:&quot;false&quot;,&quot;hoteller_ext_is_parallax_mouse&quot;:&quot;false&quot;,&quot;hoteller_ext_is_infinite&quot;:&quot;false&quot;,&quot;hoteller_ext_is_fadeout_animation&quot;:&quot;false&quot;}\">\n\t\t\t<div class=\"elementor-widget-wrap elementor-element-populated\">\n\t\t\t\t\t\t<div class=\"elementor-element elementor-element-668fe45 elementor-widget elementor-widget-hoteller-animated-text\" data-id=\"668fe45\" data-element_type=\"widget\" data-settings=\"{&quot;hoteller_ext_is_scrollme&quot;:&quot;false&quot;,&quot;hoteller_ext_is_smoove&quot;:&quot;false&quot;,&quot;hoteller_ext_is_parallax_mouse&quot;:&quot;false&quot;,&quot;hoteller_ext_is_infinite&quot;:&quot;false&quot;,&quot;hoteller_ext_is_fadeout_animation&quot;:&quot;false&quot;}\" data-widget_type=\"hoteller-animated-text.default\">\n\t\t\t\t<div class=\"elementor-widget-container\">\n\t\t\t\t\t<div class=\"themegoods-animated-text text-alignment-center transition-bottom overflow-hidden\" data-delimiter=\"word\" data-transition=\"100\" data-transition-delay=\"0\" data-transition-duration=\"800\">\n\t\t<h1>\n\t\tCelebrate Christmas with us in the mill barn\t<\/h1>\n\t<\/div>\t\t\t\t<\/div>\n\t\t\t\t<\/div>\n\t\t\t\t\t<\/div>\n\t\t<\/div>\n\t\t\t\t\t<\/div>\n\t\t<\/section>\n\t\t\t\t<section class=\"elementor-section elementor-top-section elementor-element elementor-element-c7bc80b elementor-section-content-middle elementor-section-boxed elementor-section-height-default elementor-section-height-default\" data-id=\"c7bc80b\" data-element_type=\"section\" data-settings=\"{&quot;hoteller_ext_is_background_parallax&quot;:&quot;false&quot;,&quot;hoteller_ext_is_background_on_scroll&quot;:&quot;false&quot;}\">\n\t\t\t\t\t\t<div class=\"elementor-container elementor-column-gap-default\">\n\t\t\t\t\t<div class=\"elementor-column elementor-col-50 elementor-top-column elementor-element elementor-element-c074517\" data-id=\"c074517\" data-element_type=\"column\" data-settings=\"{&quot;hoteller_ext_is_scrollme&quot;:&quot;false&quot;,&quot;hoteller_ext_is_smoove&quot;:&quot;false&quot;,&quot;hoteller_ext_is_parallax_mouse&quot;:&quot;false&quot;,&quot;hoteller_ext_is_infinite&quot;:&quot;false&quot;,&quot;hoteller_ext_is_fadeout_animation&quot;:&quot;false&quot;}\">\n\t\t\t<div class=\"elementor-widget-wrap elementor-element-populated\">\n\t\t\t\t\t\t<div class=\"elementor-element elementor-element-e3359dc elementor-widget elementor-widget-hoteller-gallery-horizontal\" data-id=\"e3359dc\" data-element_type=\"widget\" data-settings=\"{&quot;hoteller_ext_is_scrollme&quot;:&quot;false&quot;,&quot;hoteller_ext_is_smoove&quot;:&quot;false&quot;,&quot;hoteller_ext_is_parallax_mouse&quot;:&quot;false&quot;,&quot;hoteller_ext_is_infinite&quot;:&quot;false&quot;,&quot;hoteller_ext_is_fadeout_animation&quot;:&quot;false&quot;}\" data-widget_type=\"hoteller-gallery-horizontal.default\">\n\t\t\t\t<div class=\"elementor-widget-container\">\n\t\t\t\t\t<div class=\"tg_horizontal_gallery_wrapper\" data-autoplay=\"0\" data-loop=\"0\" data-navigation=\"0\" data-pagination=\"0\" data-parallax=\"0\" data-fullscreen=\"0\">\n\t\t<div class=\"tg_horizontal_gallery_cell\" style=\"margin-right:20px\">\n\t\t\t\t\t\t<img class=\"tg_horizontal_gallery_cell_img\" data-flickity-lazyload=\"https:\/\/ringelsteiner-muehle.de\/wp-content\/uploads\/2022\/07\/tessa-rampersad-5toRIWF2GUY-unsplash-1024x684.jpg\" alt=\"\" style=\"height:500px;\" \/>\n\t\t\t\t\t<\/div>\n<\/div>\n\t\t\t\t<\/div>\n\t\t\t\t<\/div>\n\t\t\t\t\t<\/div>\n\t\t<\/div>\n\t\t\t\t<div class=\"elementor-column elementor-col-50 elementor-top-column elementor-element elementor-element-9c97197\" data-id=\"9c97197\" data-element_type=\"column\" data-settings=\"{&quot;hoteller_ext_is_scrollme&quot;:&quot;false&quot;,&quot;hoteller_ext_is_smoove&quot;:&quot;false&quot;,&quot;hoteller_ext_is_parallax_mouse&quot;:&quot;false&quot;,&quot;hoteller_ext_is_infinite&quot;:&quot;false&quot;,&quot;hoteller_ext_is_fadeout_animation&quot;:&quot;false&quot;}\">\n\t\t\t<div class=\"elementor-widget-wrap elementor-element-populated\">\n\t\t\t\t\t\t<div class=\"elementor-element elementor-element-892743e elementor-widget elementor-widget-text-editor\" data-id=\"892743e\" data-element_type=\"widget\" data-settings=\"{&quot;hoteller_ext_is_scrollme&quot;:&quot;false&quot;,&quot;hoteller_ext_is_smoove&quot;:&quot;false&quot;,&quot;hoteller_ext_is_parallax_mouse&quot;:&quot;false&quot;,&quot;hoteller_ext_is_infinite&quot;:&quot;false&quot;,&quot;hoteller_ext_is_fadeout_animation&quot;:&quot;false&quot;}\" data-widget_type=\"text-editor.default\">\n\t\t\t\t<div class=\"elementor-widget-container\">\n\t\t\t\t\t\t\t\t\t<h2><b>Celebrate Christmas with us in the mill barn<\/b><\/h2><p><span style=\"color: #ff0000;\">Three nights from 23.12.2025 to 26.12.2025 for \u20ac 109.00 per person per night in a double room<\/span> with a regional breakfast buffet, a delicious punch with biscuits on the day of arrival and a Christmas three-course menu in the evening.<br \/>On Christmas Eve a selected four-course menu awaits you in a festive atmosphere.<br \/>On Christmas Day and Boxing Day we serve delicious Christmas buffets in the evening.<br \/><br \/><\/p>\t\t\t\t\t\t\t\t<\/div>\n\t\t\t\t<\/div>\n\t\t\t\t\t<\/div>\n\t\t<\/div>\n\t\t\t\t\t<\/div>\n\t\t<\/section>\n\t\t\t\t<section class=\"elementor-section elementor-top-section elementor-element elementor-element-bf6492f elementor-section-stretched elementor-section-boxed elementor-section-height-default elementor-section-height-default\" data-id=\"bf6492f\" data-element_type=\"section\" data-settings=\"{&quot;stretch_section&quot;:&quot;section-stretched&quot;,&quot;hoteller_ext_is_background_parallax&quot;:&quot;false&quot;,&quot;hoteller_ext_is_background_on_scroll&quot;:&quot;false&quot;}\">\n\t\t\t\t\t\t<div class=\"elementor-container elementor-column-gap-default\">\n\t\t\t\t\t<div class=\"elementor-column elementor-col-100 elementor-top-column elementor-element elementor-element-564d3e3\" data-id=\"564d3e3\" data-element_type=\"column\" data-settings=\"{&quot;hoteller_ext_is_scrollme&quot;:&quot;false&quot;,&quot;hoteller_ext_is_smoove&quot;:&quot;false&quot;,&quot;hoteller_ext_is_parallax_mouse&quot;:&quot;false&quot;,&quot;hoteller_ext_is_infinite&quot;:&quot;false&quot;,&quot;hoteller_ext_is_fadeout_animation&quot;:&quot;false&quot;}\">\n\t\t\t<div class=\"elementor-widget-wrap elementor-element-populated\">\n\t\t\t\t\t\t<section class=\"elementor-section elementor-inner-section elementor-element elementor-element-33bc43b elementor-section-boxed elementor-section-height-default elementor-section-height-default\" data-id=\"33bc43b\" data-element_type=\"section\" data-settings=\"{&quot;hoteller_ext_is_background_parallax&quot;:&quot;false&quot;,&quot;hoteller_ext_is_background_on_scroll&quot;:&quot;false&quot;}\">\n\t\t\t\t\t\t<div class=\"elementor-container elementor-column-gap-default\">\n\t\t\t\t\t<div class=\"elementor-column elementor-col-50 elementor-inner-column elementor-element elementor-element-5554626\" data-id=\"5554626\" data-element_type=\"column\" data-settings=\"{&quot;hoteller_ext_is_scrollme&quot;:&quot;false&quot;,&quot;hoteller_ext_is_smoove&quot;:&quot;false&quot;,&quot;hoteller_ext_is_parallax_mouse&quot;:&quot;false&quot;,&quot;hoteller_ext_is_infinite&quot;:&quot;false&quot;,&quot;hoteller_ext_is_fadeout_animation&quot;:&quot;false&quot;}\">\n\t\t\t<div class=\"elementor-widget-wrap elementor-element-populated\">\n\t\t\t\t\t\t<div class=\"elementor-element elementor-element-c865055 elementor-widget elementor-widget-html\" data-id=\"c865055\" data-element_type=\"widget\" data-settings=\"{&quot;hoteller_ext_is_scrollme&quot;:&quot;false&quot;,&quot;hoteller_ext_is_smoove&quot;:&quot;false&quot;,&quot;hoteller_ext_is_parallax_mouse&quot;:&quot;false&quot;,&quot;hoteller_ext_is_infinite&quot;:&quot;false&quot;,&quot;hoteller_ext_is_fadeout_animation&quot;:&quot;false&quot;}\" data-widget_type=\"html.default\">\n\t\t\t\t<div class=\"elementor-widget-container\">\n\t\t\t\t\t<a href=\"#\" class=\"d21-trigger-ibe\" style=\"background-color:#000; color:#fff; padding: 8px; margin: 0 5px; text-align: center; display: block;\" data-d21=\"{'package_id':143970 }\">Book 2 nights now<\/a>\t\t\t\t<\/div>\n\t\t\t\t<\/div>\n\t\t\t\t\t<\/div>\n\t\t<\/div>\n\t\t\t\t<div class=\"elementor-column elementor-col-50 elementor-inner-column elementor-element elementor-element-a2e1d67\" data-id=\"a2e1d67\" data-element_type=\"column\" data-settings=\"{&quot;hoteller_ext_is_scrollme&quot;:&quot;false&quot;,&quot;hoteller_ext_is_smoove&quot;:&quot;false&quot;,&quot;hoteller_ext_is_parallax_mouse&quot;:&quot;false&quot;,&quot;hoteller_ext_is_infinite&quot;:&quot;false&quot;,&quot;hoteller_ext_is_fadeout_animation&quot;:&quot;false&quot;}\">\n\t\t\t<div class=\"elementor-widget-wrap elementor-element-populated\">\n\t\t\t\t\t\t<div class=\"elementor-element elementor-element-27fb269 elementor-align-left elementor-mobile-align-center elementor-widget elementor-widget-button\" data-id=\"27fb269\" data-element_type=\"widget\" data-settings=\"{&quot;hoteller_ext_is_scrollme&quot;:&quot;false&quot;,&quot;hoteller_ext_is_smoove&quot;:&quot;false&quot;,&quot;hoteller_ext_is_parallax_mouse&quot;:&quot;false&quot;,&quot;hoteller_ext_is_infinite&quot;:&quot;false&quot;,&quot;hoteller_ext_is_fadeout_animation&quot;:&quot;false&quot;}\" data-widget_type=\"button.default\">\n\t\t\t\t<div class=\"elementor-widget-container\">\n\t\t\t\t\t\t\t\t\t<div class=\"elementor-button-wrapper\">\n\t\t\t\t\t<a class=\"elementor-button elementor-button-link elementor-size-md\" href=\"https:\/\/ringelsteiner-muehle.de\/en\/kontakt\/\">\n\t\t\t\t\t\t<span class=\"elementor-button-content-wrapper\">\n\t\t\t\t\t\t\t\t\t<span class=\"elementor-button-text\">Send a request<\/span>\n\t\t\t\t\t<\/span>\n\t\t\t\t\t<\/a>\n\t\t\t\t<\/div>\n\t\t\t\t\t\t\t\t<\/div>\n\t\t\t\t<\/div>\n\t\t\t\t\t<\/div>\n\t\t<\/div>\n\t\t\t\t\t<\/div>\n\t\t<\/section>\n\t\t\t\t\t<\/div>\n\t\t<\/div>\n\t\t\t\t\t<\/div>\n\t\t<\/section>\n\t\t\t\t<\/div>","protected":false},"excerpt":{"rendered":"<p>Feiern Sie Weihnachten bei uns in der M\u00fchlenscheune Feiern Sie Weihnachten bei uns in der M\u00fchlenscheune Drei N\u00e4chte vom 23.12.2025 bis 26.12.2025 f\u00fcr 109,00\u20ac p.P und Nacht im Doppelzimmer mit regionalem Fr\u00fchst\u00fccksbuffet, am Anreisetag einen leckeren Punsch mit Pl\u00e4tzchen und [&hellip;]<\/p>","protected":false},"author":3,"featured_media":0,"parent":3014,"menu_order":0,"comment_status":"closed","ping_status":"closed","template":"","meta":{"_acf_changed":false,"footnotes":""},"class_list":["post-4747","page","type-page","status-publish","hentry"],"acf":[],"yoast_head":"<!-- This site is optimized with the Yoast SEO plugin v26.6 - https:\/\/yoast.com\/wordpress\/plugins\/seo\/ -->\n<title>Feiern Sie Weihnachten bei uns in der M\u00fchlenscheune - Landhotel Ringelsteiner M\u00fchle<\/title>\n<meta name=\"robots\" content=\"index, follow, max-snippet:-1, max-image-preview:large, max-video-preview:-1\" \/>\n<link rel=\"canonical\" href=\"https:\/\/ringelsteiner-muehle.de\/en\/arrangements\/mosel-in-der-vorweihnachtszeit\/\" \/>\n<meta property=\"og:locale\" content=\"en_GB\" \/>\n<meta property=\"og:type\" content=\"article\" \/>\n<meta property=\"og:title\" content=\"Feiern Sie Weihnachten bei uns in der M\u00fchlenscheune - Landhotel Ringelsteiner M\u00fchle\" \/>\n<meta property=\"og:description\" content=\"Feiern Sie Weihnachten bei uns in der M\u00fchlenscheune Feiern Sie Weihnachten bei uns in der M\u00fchlenscheune Drei N\u00e4chte vom 23.12.2025 bis 26.12.2025 f\u00fcr 109,00\u20ac p.P und Nacht im Doppelzimmer mit regionalem Fr\u00fchst\u00fccksbuffet, am Anreisetag einen leckeren Punsch mit Pl\u00e4tzchen und [&hellip;]\" \/>\n<meta property=\"og:url\" content=\"https:\/\/ringelsteiner-muehle.de\/en\/arrangements\/mosel-in-der-vorweihnachtszeit\/\" \/>\n<meta property=\"og:site_name\" content=\"Landhotel Ringelsteiner M\u00fchle\" \/>\n<meta property=\"article:modified_time\" content=\"2025-03-17T15:58:51+00:00\" \/>\n<meta name=\"twitter:card\" content=\"summary_large_image\" \/>\n<meta name=\"twitter:label1\" content=\"Estimated reading time\" \/>\n\t<meta name=\"twitter:data1\" content=\"1 minute\" \/>\n<script type=\"application\/ld+json\" class=\"yoast-schema-graph\">{\"@context\":\"https:\/\/schema.org\",\"@graph\":[{\"@type\":\"WebPage\",\"@id\":\"https:\/\/ringelsteiner-muehle.de\/arrangements\/mosel-in-der-vorweihnachtszeit\/\",\"url\":\"https:\/\/ringelsteiner-muehle.de\/arrangements\/mosel-in-der-vorweihnachtszeit\/\",\"name\":\"Feiern Sie Weihnachten bei uns in der M\u00fchlenscheune - Landhotel Ringelsteiner M\u00fchle\",\"isPartOf\":{\"@id\":\"http:\/\/ringelsteiner-muehle.de\/en\/#website\"},\"datePublished\":\"2022-07-08T13:58:16+00:00\",\"dateModified\":\"2025-03-17T15:58:51+00:00\",\"breadcrumb\":{\"@id\":\"https:\/\/ringelsteiner-muehle.de\/arrangements\/mosel-in-der-vorweihnachtszeit\/#breadcrumb\"},\"inLanguage\":\"en-GB\",\"potentialAction\":[{\"@type\":\"ReadAction\",\"target\":[\"https:\/\/ringelsteiner-muehle.de\/arrangements\/mosel-in-der-vorweihnachtszeit\/\"]}]},{\"@type\":\"BreadcrumbList\",\"@id\":\"https:\/\/ringelsteiner-muehle.de\/arrangements\/mosel-in-der-vorweihnachtszeit\/#breadcrumb\",\"itemListElement\":[{\"@type\":\"ListItem\",\"position\":1,\"name\":\"Home\",\"item\":\"https:\/\/ringelsteiner-muehle.de\/\"},{\"@type\":\"ListItem\",\"position\":2,\"name\":\"Arrangements\",\"item\":\"https:\/\/ringelsteiner-muehle.de\/arrangements\/\"},{\"@type\":\"ListItem\",\"position\":3,\"name\":\"Feiern Sie Weihnachten bei uns in der M\u00fchlenscheune\"}]},{\"@type\":\"WebSite\",\"@id\":\"http:\/\/ringelsteiner-muehle.de\/en\/#website\",\"url\":\"http:\/\/ringelsteiner-muehle.de\/en\/\",\"name\":\"Landhotel Ringelsteiner M\u00fchle\",\"description\":\"Ihr Hotel im Moseltal\",\"potentialAction\":[{\"@type\":\"SearchAction\",\"target\":{\"@type\":\"EntryPoint\",\"urlTemplate\":\"http:\/\/ringelsteiner-muehle.de\/en\/?s={search_term_string}\"},\"query-input\":{\"@type\":\"PropertyValueSpecification\",\"valueRequired\":true,\"valueName\":\"search_term_string\"}}],\"inLanguage\":\"en-GB\"}]}<\/script>\n<!-- \/ Yoast SEO plugin. -->","yoast_head_json":{"title":"Feiern Sie Weihnachten bei uns in der M\u00fchlenscheune - Landhotel Ringelsteiner M\u00fchle","robots":{"index":"index","follow":"follow","max-snippet":"max-snippet:-1","max-image-preview":"max-image-preview:large","max-video-preview":"max-video-preview:-1"},"canonical":"https:\/\/ringelsteiner-muehle.de\/en\/arrangements\/mosel-in-der-vorweihnachtszeit\/","og_locale":"en_GB","og_type":"article","og_title":"Feiern Sie Weihnachten bei uns in der M\u00fchlenscheune - Landhotel Ringelsteiner M\u00fchle","og_description":"Feiern Sie Weihnachten bei uns in der M\u00fchlenscheune Feiern Sie Weihnachten bei uns in der M\u00fchlenscheune Drei N\u00e4chte vom 23.12.2025 bis 26.12.2025 f\u00fcr 109,00\u20ac p.P und Nacht im Doppelzimmer mit regionalem Fr\u00fchst\u00fccksbuffet, am Anreisetag einen leckeren Punsch mit Pl\u00e4tzchen und [&hellip;]","og_url":"https:\/\/ringelsteiner-muehle.de\/en\/arrangements\/mosel-in-der-vorweihnachtszeit\/","og_site_name":"Landhotel Ringelsteiner M\u00fchle","article_modified_time":"2025-03-17T15:58:51+00:00","twitter_card":"summary_large_image","twitter_misc":{"Estimated reading time":"1 minute"},"schema":{"@context":"https:\/\/schema.org","@graph":[{"@type":"WebPage","@id":"https:\/\/ringelsteiner-muehle.de\/arrangements\/mosel-in-der-vorweihnachtszeit\/","url":"https:\/\/ringelsteiner-muehle.de\/arrangements\/mosel-in-der-vorweihnachtszeit\/","name":"Feiern Sie Weihnachten bei uns in der M\u00fchlenscheune - Landhotel Ringelsteiner M\u00fchle","isPartOf":{"@id":"http:\/\/ringelsteiner-muehle.de\/en\/#website"},"datePublished":"2022-07-08T13:58:16+00:00","dateModified":"2025-03-17T15:58:51+00:00","breadcrumb":{"@id":"https:\/\/ringelsteiner-muehle.de\/arrangements\/mosel-in-der-vorweihnachtszeit\/#breadcrumb"},"inLanguage":"en-GB","potentialAction":[{"@type":"ReadAction","target":["https:\/\/ringelsteiner-muehle.de\/arrangements\/mosel-in-der-vorweihnachtszeit\/"]}]},{"@type":"BreadcrumbList","@id":"https:\/\/ringelsteiner-muehle.de\/arrangements\/mosel-in-der-vorweihnachtszeit\/#breadcrumb","itemListElement":[{"@type":"ListItem","position":1,"name":"Home","item":"https:\/\/ringelsteiner-muehle.de\/"},{"@type":"ListItem","position":2,"name":"Arrangements","item":"https:\/\/ringelsteiner-muehle.de\/arrangements\/"},{"@type":"ListItem","position":3,"name":"Feiern Sie Weihnachten bei uns in der M\u00fchlenscheune"}]},{"@type":"WebSite","@id":"http:\/\/ringelsteiner-muehle.de\/en\/#website","url":"http:\/\/ringelsteiner-muehle.de\/en\/","name":"Landhotel Ringelsteiner M\u00fchle","description":"Ihr Hotel im Moseltal","potentialAction":[{"@type":"SearchAction","target":{"@type":"EntryPoint","urlTemplate":"http:\/\/ringelsteiner-muehle.de\/en\/?s={search_term_string}"},"query-input":{"@type":"PropertyValueSpecification","valueRequired":true,"valueName":"search_term_string"}}],"inLanguage":"en-GB"}]}},"_links":{"self":[{"href":"https:\/\/ringelsteiner-muehle.de\/en\/wp-json\/wp\/v2\/pages\/4747","targetHints":{"allow":["GET"]}}],"collection":[{"href":"https:\/\/ringelsteiner-muehle.de\/en\/wp-json\/wp\/v2\/pages"}],"about":[{"href":"https:\/\/ringelsteiner-muehle.de\/en\/wp-json\/wp\/v2\/types\/page"}],"author":[{"embeddable":true,"href":"https:\/\/ringelsteiner-muehle.de\/en\/wp-json\/wp\/v2\/users\/3"}],"replies":[{"embeddable":true,"href":"https:\/\/ringelsteiner-muehle.de\/en\/wp-json\/wp\/v2\/comments?post=4747"}],"version-history":[{"count":47,"href":"https:\/\/ringelsteiner-muehle.de\/en\/wp-json\/wp\/v2\/pages\/4747\/revisions"}],"predecessor-version":[{"id":5693,"href":"https:\/\/ringelsteiner-muehle.de\/en\/wp-json\/wp\/v2\/pages\/4747\/revisions\/5693"}],"up":[{"embeddable":true,"href":"https:\/\/ringelsteiner-muehle.de\/en\/wp-json\/wp\/v2\/pages\/3014"}],"wp:attachment":[{"href":"https:\/\/ringelsteiner-muehle.de\/en\/wp-json\/wp\/v2\/media?parent=4747"}],"curies":[{"name":"wp","href":"https:\/\/api.w.org\/{rel}","templated":true}]}}