{"id":3690,"date":"2021-08-31T01:46:23","date_gmt":"2021-08-31T01:46:23","guid":{"rendered":"http:\/\/eyegnrt.cluster031.hosting.ovh.net\/?page_id=3690"},"modified":"2022-06-22T15:09:53","modified_gmt":"2022-06-22T15:09:53","slug":"gruppenanfragen","status":"publish","type":"page","link":"https:\/\/ringelsteiner-muehle.de\/en\/gruppenanfragen\/","title":{"rendered":"Gruppenanfragen"},"content":{"rendered":"<div data-elementor-type=\"wp-page\" data-elementor-id=\"3690\" class=\"elementor elementor-3690\">\n\t\t\t\t\t\t<section class=\"elementor-section elementor-top-section elementor-element elementor-element-c024cd8 elementor-section-height-min-height elementor-section-content-middle elementor-section-stretched elementor-section-boxed elementor-section-height-default elementor-section-items-middle\" data-id=\"c024cd8\" data-element_type=\"section\" data-settings=\"{&quot;stretch_section&quot;:&quot;section-stretched&quot;,&quot;background_background&quot;:&quot;classic&quot;,&quot;hoteller_ext_is_background_parallax&quot;:&quot;false&quot;,&quot;hoteller_ext_is_background_on_scroll&quot;:&quot;false&quot;}\">\n\t\t\t\t\t\t\t<div class=\"elementor-background-overlay\"><\/div>\n\t\t\t\t\t\t\t<div class=\"elementor-container elementor-column-gap-default\">\n\t\t\t\t\t<div class=\"elementor-column elementor-col-100 elementor-top-column elementor-element elementor-element-30e5e97\" data-id=\"30e5e97\" data-element_type=\"column\" data-settings=\"{&quot;hoteller_ext_is_scrollme&quot;:&quot;false&quot;,&quot;hoteller_ext_is_smoove&quot;:&quot;false&quot;,&quot;hoteller_ext_is_parallax_mouse&quot;:&quot;false&quot;,&quot;hoteller_ext_is_infinite&quot;:&quot;false&quot;,&quot;hoteller_ext_is_fadeout_animation&quot;:&quot;false&quot;}\">\n\t\t\t<div class=\"elementor-widget-wrap elementor-element-populated\">\n\t\t\t\t\t\t<div class=\"elementor-element elementor-element-6593f2b elementor-widget elementor-widget-hoteller-animated-text\" data-id=\"6593f2b\" data-element_type=\"widget\" data-settings=\"{&quot;hoteller_ext_is_scrollme&quot;:&quot;false&quot;,&quot;hoteller_ext_is_smoove&quot;:&quot;false&quot;,&quot;hoteller_ext_is_parallax_mouse&quot;:&quot;false&quot;,&quot;hoteller_ext_is_infinite&quot;:&quot;false&quot;,&quot;hoteller_ext_is_fadeout_animation&quot;:&quot;false&quot;}\" data-widget_type=\"hoteller-animated-text.default\">\n\t\t\t\t<div class=\"elementor-widget-container\">\n\t\t\t\t\t<div class=\"themegoods-animated-text text-alignment-center transition-bottom overflow-hidden\" data-delimiter=\"word\" data-transition=\"100\" data-transition-delay=\"0\" data-transition-duration=\"800\">\n\t\t<h1>\n\t\tMotorbike friends\t<\/h1>\n\t<\/div>\t\t\t\t<\/div>\n\t\t\t\t<\/div>\n\t\t\t\t\t<\/div>\n\t\t<\/div>\n\t\t\t\t\t<\/div>\n\t\t<\/section>\n\t\t\t\t<section class=\"elementor-section elementor-top-section elementor-element elementor-element-c147f10 elementor-section-content-middle elementor-section-boxed elementor-section-height-default elementor-section-height-default\" data-id=\"c147f10\" data-element_type=\"section\" data-settings=\"{&quot;hoteller_ext_is_background_parallax&quot;:&quot;false&quot;,&quot;hoteller_ext_is_background_on_scroll&quot;:&quot;false&quot;}\">\n\t\t\t\t\t\t<div class=\"elementor-container elementor-column-gap-default\">\n\t\t\t\t\t<div class=\"elementor-column elementor-col-100 elementor-top-column elementor-element elementor-element-d5f0ba8\" data-id=\"d5f0ba8\" data-element_type=\"column\" data-settings=\"{&quot;hoteller_ext_is_scrollme&quot;:&quot;false&quot;,&quot;hoteller_ext_is_smoove&quot;:&quot;false&quot;,&quot;hoteller_ext_is_parallax_mouse&quot;:&quot;false&quot;,&quot;hoteller_ext_is_infinite&quot;:&quot;false&quot;,&quot;hoteller_ext_is_fadeout_animation&quot;:&quot;false&quot;}\">\n\t\t\t<div class=\"elementor-widget-wrap elementor-element-populated\">\n\t\t\t\t\t\t<div class=\"elementor-element elementor-element-29ef444 elementor-widget elementor-widget-text-editor\" data-id=\"29ef444\" data-element_type=\"widget\" data-settings=\"{&quot;hoteller_ext_is_scrollme&quot;:&quot;false&quot;,&quot;hoteller_ext_is_smoove&quot;:&quot;false&quot;,&quot;hoteller_ext_is_parallax_mouse&quot;:&quot;false&quot;,&quot;hoteller_ext_is_infinite&quot;:&quot;false&quot;,&quot;hoteller_ext_is_fadeout_animation&quot;:&quot;false&quot;}\" data-widget_type=\"text-editor.default\">\n\t\t\t\t<div class=\"elementor-widget-container\">\n\t\t\t\t\t\t\t\t\t<h2><strong>A paradise for bikers!<\/strong><\/h2><p>We at the Ringelsteiner M\u00fchle love motorbikes as much as you do, so we want you to know that our hotel is \"motorbike friendly\":<\/p><div style=\"margin-left: 20px;\"><ul><li>Up to six motorbikes can be parked under our covered parking space,<\/li><li>Indie bikers and groups are very welcome here,<\/li><li>Barbecues starting from 10 people or more,<\/li><li>We can also make you packed lunches.<\/li><\/ul><\/div><p>And the area around our hotel is known for its beautiful roads along the Moselle, which inspire a sense of adventure and take you to famous sights (such as Eltz Castle). From our hotel you can easily reach many attractions and we are always happy to help you if you need any information about motorcycling. Just send us an email and we will make your wishes come true!<\/p><p><span style=\"text-decoration: underline;\"><a id=\"oi-link-1628699213013\" href=\"mailto:info@ringelsteiner-muehle.de\" target=\"_blank\" rel=\"noopener\">Send us an email with your group request now<\/a>.<\/span><\/p>\t\t\t\t\t\t\t\t<\/div>\n\t\t\t\t<\/div>\n\t\t\t\t\t<\/div>\n\t\t<\/div>\n\t\t\t\t\t<\/div>\n\t\t<\/section>\n\t\t\t\t<section class=\"elementor-section elementor-top-section elementor-element elementor-element-a2d478f elementor-section-full_width elementor-section-stretched elementor-section-height-default elementor-section-height-default\" data-id=\"a2d478f\" data-element_type=\"section\" data-settings=\"{&quot;stretch_section&quot;:&quot;section-stretched&quot;,&quot;hoteller_ext_is_background_parallax&quot;:&quot;false&quot;,&quot;hoteller_ext_is_background_on_scroll&quot;:&quot;false&quot;}\">\n\t\t\t\t\t\t<div class=\"elementor-container elementor-column-gap-default\">\n\t\t\t\t\t<div class=\"elementor-column elementor-col-100 elementor-top-column elementor-element elementor-element-ac52ac9\" data-id=\"ac52ac9\" data-element_type=\"column\" data-settings=\"{&quot;hoteller_ext_is_scrollme&quot;:&quot;false&quot;,&quot;hoteller_ext_is_smoove&quot;:&quot;false&quot;,&quot;hoteller_ext_is_parallax_mouse&quot;:&quot;false&quot;,&quot;hoteller_ext_is_infinite&quot;:&quot;false&quot;,&quot;hoteller_ext_is_fadeout_animation&quot;:&quot;false&quot;}\">\n\t\t\t<div class=\"elementor-widget-wrap elementor-element-populated\">\n\t\t\t\t\t\t<div class=\"elementor-element elementor-element-9ed97d2 elementor-widget elementor-widget-hoteller-gallery-horizontal\" data-id=\"9ed97d2\" data-element_type=\"widget\" data-settings=\"{&quot;hoteller_ext_is_scrollme&quot;:&quot;false&quot;,&quot;hoteller_ext_is_smoove&quot;:&quot;false&quot;,&quot;hoteller_ext_is_parallax_mouse&quot;:&quot;false&quot;,&quot;hoteller_ext_is_infinite&quot;:&quot;false&quot;,&quot;hoteller_ext_is_fadeout_animation&quot;:&quot;false&quot;}\" data-widget_type=\"hoteller-gallery-horizontal.default\">\n\t\t\t\t<div class=\"elementor-widget-container\">\n\t\t\t\t\t<div class=\"tg_horizontal_gallery_wrapper\" data-autoplay=\"0\" data-loop=\"0\" data-navigation=\"1\" data-pagination=\"0\" data-parallax=\"0\" data-fullscreen=\"0\">\n\t\t<div class=\"tg_horizontal_gallery_cell\" style=\"margin-right:20px\">\n\t\t\t\t\t\t<img class=\"tg_horizontal_gallery_cell_img\" data-flickity-lazyload=\"https:\/\/ringelsteiner-muehle.de\/wp-content\/uploads\/2021\/08\/motorradfahrer-ringelsteiner-muehle-003-901x600-landhotel-ringelsteiner-muehle_7701f4cc193934d73296932faafc182b.jpg\" alt=\"\" style=\"height:600px;\" \/>\n\t\t\t\t\t<\/div>\n\t\t<div class=\"tg_horizontal_gallery_cell\" style=\"margin-right:20px\">\n\t\t\t\t\t\t<img class=\"tg_horizontal_gallery_cell_img\" data-flickity-lazyload=\"https:\/\/ringelsteiner-muehle.de\/wp-content\/uploads\/2021\/08\/motorradfahrer-ringelsteiner-muehle-001-900x600-landhotel-ringelsteiner-muehle_3c6dbaf8cf3e5c1e1827339804398285.jpg\" alt=\"\" style=\"height:600px;\" \/>\n\t\t\t\t\t<\/div>\n\t\t<div class=\"tg_horizontal_gallery_cell\" style=\"margin-right:20px\">\n\t\t\t\t\t\t<img class=\"tg_horizontal_gallery_cell_img\" data-flickity-lazyload=\"https:\/\/ringelsteiner-muehle.de\/wp-content\/uploads\/2021\/08\/motorradfahrer-ringelsteiner-muehle-002-900x600-landhotel-ringelsteiner-muehle_6ee205195dd93e62278e9bce7263574a.jpg\" alt=\"\" style=\"height:600px;\" \/>\n\t\t\t\t\t<\/div>\n<\/div>\n\t\t\t\t<\/div>\n\t\t\t\t<\/div>\n\t\t\t\t\t<\/div>\n\t\t<\/div>\n\t\t\t\t\t<\/div>\n\t\t<\/section>\n\t\t\t\t<section class=\"elementor-section elementor-top-section elementor-element elementor-element-93383a0 elementor-section-boxed elementor-section-height-default elementor-section-height-default\" data-id=\"93383a0\" data-element_type=\"section\" data-settings=\"{&quot;background_background&quot;:&quot;classic&quot;,&quot;hoteller_ext_is_background_parallax&quot;:&quot;false&quot;,&quot;hoteller_ext_is_background_on_scroll&quot;:&quot;false&quot;}\">\n\t\t\t\t\t\t<div class=\"elementor-container elementor-column-gap-default\">\n\t\t\t\t\t<div class=\"elementor-column elementor-col-100 elementor-top-column elementor-element elementor-element-b9b2e8f\" data-id=\"b9b2e8f\" data-element_type=\"column\" data-settings=\"{&quot;hoteller_ext_is_scrollme&quot;:&quot;false&quot;,&quot;hoteller_ext_is_smoove&quot;:&quot;false&quot;,&quot;hoteller_ext_is_parallax_mouse&quot;:&quot;false&quot;,&quot;hoteller_ext_is_infinite&quot;:&quot;false&quot;,&quot;hoteller_ext_is_fadeout_animation&quot;:&quot;false&quot;}\">\n\t\t\t<div class=\"elementor-widget-wrap elementor-element-populated\">\n\t\t\t\t\t\t<div class=\"elementor-element elementor-element-077c6f0 elementor-widget elementor-widget-image\" data-id=\"077c6f0\" data-element_type=\"widget\" data-settings=\"{&quot;hoteller_image_is_animation&quot;:&quot;false&quot;,&quot;hoteller_ext_is_scrollme&quot;:&quot;false&quot;,&quot;hoteller_ext_is_smoove&quot;:&quot;false&quot;,&quot;hoteller_ext_is_parallax_mouse&quot;:&quot;false&quot;,&quot;hoteller_ext_is_infinite&quot;:&quot;false&quot;,&quot;hoteller_ext_is_fadeout_animation&quot;:&quot;false&quot;}\" data-widget_type=\"image.default\">\n\t\t\t\t<div class=\"elementor-widget-container\">\n\t\t\t\t\t\t\t\t\t\t\t\t\t\t\t\t<a href=\"https:\/\/www.motorradundreisen.de\/motorradhotel\/mosel\/135_landhotel-ringelsteiner-muehle.html\">\n\t\t\t\t\t\t\t<img fetchpriority=\"high\" decoding=\"async\" width=\"768\" height=\"79\" src=\"https:\/\/ringelsteiner-muehle.de\/wp-content\/uploads\/2021\/08\/motorrad_-_reisen_logo-2000x206-landhotel-ringelsteiner-muehle_d27962fb616ff5bff2f642b07f06eafc-768x79.png\" class=\"attachment-medium_large size-medium_large wp-image-2996\" alt=\"\" srcset=\"https:\/\/ringelsteiner-muehle.de\/wp-content\/uploads\/2021\/08\/motorrad_-_reisen_logo-2000x206-landhotel-ringelsteiner-muehle_d27962fb616ff5bff2f642b07f06eafc-768x79.png 768w, https:\/\/ringelsteiner-muehle.de\/wp-content\/uploads\/2021\/08\/motorrad_-_reisen_logo-2000x206-landhotel-ringelsteiner-muehle_d27962fb616ff5bff2f642b07f06eafc-300x31.png 300w, https:\/\/ringelsteiner-muehle.de\/wp-content\/uploads\/2021\/08\/motorrad_-_reisen_logo-2000x206-landhotel-ringelsteiner-muehle_d27962fb616ff5bff2f642b07f06eafc-1024x105.png 1024w, https:\/\/ringelsteiner-muehle.de\/wp-content\/uploads\/2021\/08\/motorrad_-_reisen_logo-2000x206-landhotel-ringelsteiner-muehle_d27962fb616ff5bff2f642b07f06eafc-1536x158.png 1536w, https:\/\/ringelsteiner-muehle.de\/wp-content\/uploads\/2021\/08\/motorrad_-_reisen_logo-2000x206-landhotel-ringelsteiner-muehle_d27962fb616ff5bff2f642b07f06eafc-18x2.png 18w, https:\/\/ringelsteiner-muehle.de\/wp-content\/uploads\/2021\/08\/motorrad_-_reisen_logo-2000x206-landhotel-ringelsteiner-muehle_d27962fb616ff5bff2f642b07f06eafc-440x45.png 440w, https:\/\/ringelsteiner-muehle.de\/wp-content\/uploads\/2021\/08\/motorrad_-_reisen_logo-2000x206-landhotel-ringelsteiner-muehle_d27962fb616ff5bff2f642b07f06eafc.png 2000w\" sizes=\"(max-width: 768px) 100vw, 768px\" \/>\t\t\t\t\t\t\t\t<\/a>\n\t\t\t\t\t\t\t\t\t\t\t\t\t\t\t<\/div>\n\t\t\t\t<\/div>\n\t\t\t\t\t<\/div>\n\t\t<\/div>\n\t\t\t\t\t<\/div>\n\t\t<\/section>\n\t\t\t\t<\/div>","protected":false},"excerpt":{"rendered":"<p>Motorradfreunde Ein Paradies f\u00fcr Motorradfahrer! Wir von der Ringelsteiner M\u00fchle lieben Motorr\u00e4der ebenso wie Sie, daher m\u00f6chten wir, dass Sie wissen, dass unser Hotel &#8222;motorradfreundlich&#8220; ist: Bis zu sechs Motorr\u00e4der finden bei uns einen \u00fcberdachten Stellplatz, Indi-Biker und Gruppen sind [&hellip;]<\/p>","protected":false},"author":3,"featured_media":0,"parent":0,"menu_order":0,"comment_status":"closed","ping_status":"closed","template":"","meta":{"_acf_changed":false,"footnotes":""},"class_list":["post-3690","page","type-page","status-publish","hentry"],"acf":[],"yoast_head":"<!-- This site is optimized with the Yoast SEO plugin v26.6 - https:\/\/yoast.com\/wordpress\/plugins\/seo\/ -->\n<title>Gruppenanfragen - Landhotel Ringelsteiner M\u00fchle<\/title>\n<meta name=\"robots\" content=\"index, follow, max-snippet:-1, max-image-preview:large, max-video-preview:-1\" \/>\n<link rel=\"canonical\" href=\"https:\/\/ringelsteiner-muehle.de\/en\/gruppenanfragen\/\" \/>\n<meta property=\"og:locale\" content=\"en_GB\" \/>\n<meta property=\"og:type\" content=\"article\" \/>\n<meta property=\"og:title\" content=\"Gruppenanfragen - Landhotel Ringelsteiner M\u00fchle\" \/>\n<meta property=\"og:description\" content=\"Motorradfreunde Ein Paradies f\u00fcr Motorradfahrer! Wir von der Ringelsteiner M\u00fchle lieben Motorr\u00e4der ebenso wie Sie, daher m\u00f6chten wir, dass Sie wissen, dass unser Hotel &#8222;motorradfreundlich&#8220; ist: Bis zu sechs Motorr\u00e4der finden bei uns einen \u00fcberdachten Stellplatz, Indi-Biker und Gruppen sind [&hellip;]\" \/>\n<meta property=\"og:url\" content=\"https:\/\/ringelsteiner-muehle.de\/en\/gruppenanfragen\/\" \/>\n<meta property=\"og:site_name\" content=\"Landhotel Ringelsteiner M\u00fchle\" \/>\n<meta property=\"article:modified_time\" content=\"2022-06-22T15:09:53+00:00\" \/>\n<meta property=\"og:image\" content=\"http:\/\/ringelsteiner-muehle.de\/wp-content\/uploads\/2021\/08\/motorrad_-_reisen_logo-2000x206-landhotel-ringelsteiner-muehle_d27962fb616ff5bff2f642b07f06eafc-768x79.png\" \/>\n<meta name=\"twitter:card\" content=\"summary_large_image\" \/>\n<meta name=\"twitter:label1\" content=\"Estimated reading time\" \/>\n\t<meta name=\"twitter:data1\" content=\"2 minutes\" \/>\n<script type=\"application\/ld+json\" class=\"yoast-schema-graph\">{\"@context\":\"https:\/\/schema.org\",\"@graph\":[{\"@type\":\"WebPage\",\"@id\":\"https:\/\/ringelsteiner-muehle.de\/gruppenanfragen\/\",\"url\":\"https:\/\/ringelsteiner-muehle.de\/gruppenanfragen\/\",\"name\":\"Gruppenanfragen - Landhotel Ringelsteiner M\u00fchle\",\"isPartOf\":{\"@id\":\"http:\/\/ringelsteiner-muehle.de\/en\/#website\"},\"primaryImageOfPage\":{\"@id\":\"https:\/\/ringelsteiner-muehle.de\/gruppenanfragen\/#primaryimage\"},\"image\":{\"@id\":\"https:\/\/ringelsteiner-muehle.de\/gruppenanfragen\/#primaryimage\"},\"thumbnailUrl\":\"https:\/\/ringelsteiner-muehle.de\/kulinarik\/wp-content\/uploads\/2021\/08\/motorrad_-_reisen_logo-2000x206-landhotel-ringelsteiner-muehle_d27962fb616ff5bff2f642b07f06eafc-768x79.png\",\"datePublished\":\"2021-08-31T01:46:23+00:00\",\"dateModified\":\"2022-06-22T15:09:53+00:00\",\"breadcrumb\":{\"@id\":\"https:\/\/ringelsteiner-muehle.de\/gruppenanfragen\/#breadcrumb\"},\"inLanguage\":\"en-GB\",\"potentialAction\":[{\"@type\":\"ReadAction\",\"target\":[\"https:\/\/ringelsteiner-muehle.de\/gruppenanfragen\/\"]}]},{\"@type\":\"ImageObject\",\"inLanguage\":\"en-GB\",\"@id\":\"https:\/\/ringelsteiner-muehle.de\/gruppenanfragen\/#primaryimage\",\"url\":\"https:\/\/ringelsteiner-muehle.de\/kulinarik\/wp-content\/uploads\/2021\/08\/motorrad_-_reisen_logo-2000x206-landhotel-ringelsteiner-muehle_d27962fb616ff5bff2f642b07f06eafc-768x79.png\",\"contentUrl\":\"https:\/\/ringelsteiner-muehle.de\/kulinarik\/wp-content\/uploads\/2021\/08\/motorrad_-_reisen_logo-2000x206-landhotel-ringelsteiner-muehle_d27962fb616ff5bff2f642b07f06eafc-768x79.png\"},{\"@type\":\"BreadcrumbList\",\"@id\":\"https:\/\/ringelsteiner-muehle.de\/gruppenanfragen\/#breadcrumb\",\"itemListElement\":[{\"@type\":\"ListItem\",\"position\":1,\"name\":\"Home\",\"item\":\"https:\/\/ringelsteiner-muehle.de\/\"},{\"@type\":\"ListItem\",\"position\":2,\"name\":\"Gruppenanfragen\"}]},{\"@type\":\"WebSite\",\"@id\":\"http:\/\/ringelsteiner-muehle.de\/en\/#website\",\"url\":\"http:\/\/ringelsteiner-muehle.de\/en\/\",\"name\":\"Landhotel Ringelsteiner M\u00fchle\",\"description\":\"Ihr Hotel im Moseltal\",\"potentialAction\":[{\"@type\":\"SearchAction\",\"target\":{\"@type\":\"EntryPoint\",\"urlTemplate\":\"http:\/\/ringelsteiner-muehle.de\/en\/?s={search_term_string}\"},\"query-input\":{\"@type\":\"PropertyValueSpecification\",\"valueRequired\":true,\"valueName\":\"search_term_string\"}}],\"inLanguage\":\"en-GB\"}]}<\/script>\n<!-- \/ Yoast SEO plugin. -->","yoast_head_json":{"title":"Gruppenanfragen - Landhotel Ringelsteiner M\u00fchle","robots":{"index":"index","follow":"follow","max-snippet":"max-snippet:-1","max-image-preview":"max-image-preview:large","max-video-preview":"max-video-preview:-1"},"canonical":"https:\/\/ringelsteiner-muehle.de\/en\/gruppenanfragen\/","og_locale":"en_GB","og_type":"article","og_title":"Gruppenanfragen - Landhotel Ringelsteiner M\u00fchle","og_description":"Motorradfreunde Ein Paradies f\u00fcr Motorradfahrer! Wir von der Ringelsteiner M\u00fchle lieben Motorr\u00e4der ebenso wie Sie, daher m\u00f6chten wir, dass Sie wissen, dass unser Hotel &#8222;motorradfreundlich&#8220; ist: Bis zu sechs Motorr\u00e4der finden bei uns einen \u00fcberdachten Stellplatz, Indi-Biker und Gruppen sind [&hellip;]","og_url":"https:\/\/ringelsteiner-muehle.de\/en\/gruppenanfragen\/","og_site_name":"Landhotel Ringelsteiner M\u00fchle","article_modified_time":"2022-06-22T15:09:53+00:00","og_image":[{"url":"http:\/\/ringelsteiner-muehle.de\/wp-content\/uploads\/2021\/08\/motorrad_-_reisen_logo-2000x206-landhotel-ringelsteiner-muehle_d27962fb616ff5bff2f642b07f06eafc-768x79.png","type":"","width":"","height":""}],"twitter_card":"summary_large_image","twitter_misc":{"Estimated reading time":"2 minutes"},"schema":{"@context":"https:\/\/schema.org","@graph":[{"@type":"WebPage","@id":"https:\/\/ringelsteiner-muehle.de\/gruppenanfragen\/","url":"https:\/\/ringelsteiner-muehle.de\/gruppenanfragen\/","name":"Gruppenanfragen - Landhotel Ringelsteiner M\u00fchle","isPartOf":{"@id":"http:\/\/ringelsteiner-muehle.de\/en\/#website"},"primaryImageOfPage":{"@id":"https:\/\/ringelsteiner-muehle.de\/gruppenanfragen\/#primaryimage"},"image":{"@id":"https:\/\/ringelsteiner-muehle.de\/gruppenanfragen\/#primaryimage"},"thumbnailUrl":"https:\/\/ringelsteiner-muehle.de\/kulinarik\/wp-content\/uploads\/2021\/08\/motorrad_-_reisen_logo-2000x206-landhotel-ringelsteiner-muehle_d27962fb616ff5bff2f642b07f06eafc-768x79.png","datePublished":"2021-08-31T01:46:23+00:00","dateModified":"2022-06-22T15:09:53+00:00","breadcrumb":{"@id":"https:\/\/ringelsteiner-muehle.de\/gruppenanfragen\/#breadcrumb"},"inLanguage":"en-GB","potentialAction":[{"@type":"ReadAction","target":["https:\/\/ringelsteiner-muehle.de\/gruppenanfragen\/"]}]},{"@type":"ImageObject","inLanguage":"en-GB","@id":"https:\/\/ringelsteiner-muehle.de\/gruppenanfragen\/#primaryimage","url":"https:\/\/ringelsteiner-muehle.de\/kulinarik\/wp-content\/uploads\/2021\/08\/motorrad_-_reisen_logo-2000x206-landhotel-ringelsteiner-muehle_d27962fb616ff5bff2f642b07f06eafc-768x79.png","contentUrl":"https:\/\/ringelsteiner-muehle.de\/kulinarik\/wp-content\/uploads\/2021\/08\/motorrad_-_reisen_logo-2000x206-landhotel-ringelsteiner-muehle_d27962fb616ff5bff2f642b07f06eafc-768x79.png"},{"@type":"BreadcrumbList","@id":"https:\/\/ringelsteiner-muehle.de\/gruppenanfragen\/#breadcrumb","itemListElement":[{"@type":"ListItem","position":1,"name":"Home","item":"https:\/\/ringelsteiner-muehle.de\/"},{"@type":"ListItem","position":2,"name":"Gruppenanfragen"}]},{"@type":"WebSite","@id":"http:\/\/ringelsteiner-muehle.de\/en\/#website","url":"http:\/\/ringelsteiner-muehle.de\/en\/","name":"Landhotel Ringelsteiner M\u00fchle","description":"Ihr Hotel im Moseltal","potentialAction":[{"@type":"SearchAction","target":{"@type":"EntryPoint","urlTemplate":"http:\/\/ringelsteiner-muehle.de\/en\/?s={search_term_string}"},"query-input":{"@type":"PropertyValueSpecification","valueRequired":true,"valueName":"search_term_string"}}],"inLanguage":"en-GB"}]}},"_links":{"self":[{"href":"https:\/\/ringelsteiner-muehle.de\/en\/wp-json\/wp\/v2\/pages\/3690","targetHints":{"allow":["GET"]}}],"collection":[{"href":"https:\/\/ringelsteiner-muehle.de\/en\/wp-json\/wp\/v2\/pages"}],"about":[{"href":"https:\/\/ringelsteiner-muehle.de\/en\/wp-json\/wp\/v2\/types\/page"}],"author":[{"embeddable":true,"href":"https:\/\/ringelsteiner-muehle.de\/en\/wp-json\/wp\/v2\/users\/3"}],"replies":[{"embeddable":true,"href":"https:\/\/ringelsteiner-muehle.de\/en\/wp-json\/wp\/v2\/comments?post=3690"}],"version-history":[{"count":16,"href":"https:\/\/ringelsteiner-muehle.de\/en\/wp-json\/wp\/v2\/pages\/3690\/revisions"}],"predecessor-version":[{"id":4675,"href":"https:\/\/ringelsteiner-muehle.de\/en\/wp-json\/wp\/v2\/pages\/3690\/revisions\/4675"}],"wp:attachment":[{"href":"https:\/\/ringelsteiner-muehle.de\/en\/wp-json\/wp\/v2\/media?parent=3690"}],"curies":[{"name":"wp","href":"https:\/\/api.w.org\/{rel}","templated":true}]}}