{"id":4304,"date":"2022-04-20T18:01:23","date_gmt":"2022-04-20T18:01:23","guid":{"rendered":"http:\/\/eyegnrt.cluster031.hosting.ovh.net\/?page_id=4304"},"modified":"2022-05-13T14:23:59","modified_gmt":"2022-05-13T14:23:59","slug":"agb","status":"publish","type":"page","link":"http:\/\/ringelsteiner-muehle.de\/en\/agb\/","title":{"rendered":"Terms &amp; Conditions"},"content":{"rendered":"<div data-elementor-type=\"wp-page\" data-elementor-id=\"4304\" class=\"elementor elementor-4304\">\n\t\t\t\t\t\t<section class=\"elementor-section elementor-top-section elementor-element elementor-element-4da294f elementor-section-boxed elementor-section-height-default elementor-section-height-default\" data-id=\"4da294f\" data-element_type=\"section\" data-settings=\"{&quot;hoteller_ext_is_background_parallax&quot;:&quot;false&quot;,&quot;hoteller_ext_is_background_on_scroll&quot;:&quot;false&quot;}\">\n\t\t\t\t\t\t<div class=\"elementor-container elementor-column-gap-default\">\n\t\t\t\t\t<div class=\"elementor-column elementor-col-100 elementor-top-column elementor-element elementor-element-0d7b9f9\" data-id=\"0d7b9f9\" data-element_type=\"column\" data-settings=\"{&quot;hoteller_ext_is_scrollme&quot;:&quot;false&quot;,&quot;hoteller_ext_is_smoove&quot;:&quot;false&quot;,&quot;hoteller_ext_is_parallax_mouse&quot;:&quot;false&quot;,&quot;hoteller_ext_is_infinite&quot;:&quot;false&quot;,&quot;hoteller_ext_is_fadeout_animation&quot;:&quot;false&quot;}\">\n\t\t\t<div class=\"elementor-widget-wrap elementor-element-populated\">\n\t\t\t\t\t\t<div class=\"elementor-element elementor-element-373a56e elementor-widget elementor-widget-text-editor\" data-id=\"373a56e\" data-element_type=\"widget\" data-settings=\"{&quot;hoteller_ext_is_scrollme&quot;:&quot;false&quot;,&quot;hoteller_ext_is_smoove&quot;:&quot;false&quot;,&quot;hoteller_ext_is_parallax_mouse&quot;:&quot;false&quot;,&quot;hoteller_ext_is_infinite&quot;:&quot;false&quot;,&quot;hoteller_ext_is_fadeout_animation&quot;:&quot;false&quot;}\" data-widget_type=\"text-editor.default\">\n\t\t\t\t<div class=\"elementor-widget-container\">\n\t\t\t\t\t\t\t\t\t<h3>Our General Terms and Conditions<\/h3><p>Landhotel Ringelsteiner M\u00fchle<br \/>Elztal 94<br \/>56254 Moselkern<br \/>Germany<\/p><h3>Represented by:<\/h3><p>Rainer Herter<\/p><h3>Contact:<\/h3><p>Phone: +49 2672-910-200<br \/>Fax: +49 2672-910-201<br \/>E-Mail: <a class=\"ql-link\" href=\"mailto:info@ringelsteiner-muehle.de\" target=\"_blank\" rel=\"noopener noreferrer\">info@ringelsteiner-muehle.de<\/a><\/p><h3>Reservation cancellation:<\/h3><ul style=\"margin-left: 20px;\"><li>free until 42 days before arrival date<\/li><li>up to 29 days before arrival date 50,00 \u20ac cancellation fee<\/li><li>up to 14 days before arrival date 50 % of the stay room rate<\/li><li>up to 9 days before arrival date 70 % of the stay room rate<\/li><li>up to 3 days before arrival date 80 % of the stay room rate<\/li><\/ul><p>On the day of arrival, the rooms are ready for occupancy from 15:00.<br \/>The claim to a room expires if it is not occupied by 19:00 on the day of arrival.<br \/>unless otherwise agreed.<br \/>We ask you to vacate the rooms by 10:00 a.m. on the day of departure.<\/p><h3>Hotel accommodation - Hotel interpretation - Hotel cancellation:<\/h3><p>We also reserve the right to cancel the reserved date up to 42 days before arrival vis-\u00e0-vis coach organisers,<br \/>Package organisers and agencies to cancel.<br \/>Should it not be possible to accommodate the group at our Landhotel Ringelsteiner M\u00fchle on the reserved date, please contact us.<br \/>we reserve the right to offer another hotel of equal value.<\/p><h3>Programme items\/services:<\/h3><p>Programme changes are possible, e.g. due to weather conditions. You will then receive an alternative of equal value.<br \/>Should a programme item nevertheless not be feasible, compensation will be made in the form of a wine package.<\/p><h3>Free space regulation:<\/h3><p>from 20 paying guests bus driver free place in single room<br \/>from 42 paying guests second free place in 1\/2 double room<\/p><h3>Invoicing:<\/h3><p>Invoicing of 50% will be done 14 days before arrival date. The invoice will be sent by fax\/mail or<br \/>Email. You will receive the original invoice on site.<\/p><h3>Terms of payment:<\/h3><p>The deposit invoice amount of 50% must be transferred to the specified account 7 days before arrival.<br \/>be. The balance of 50% is payable on site, by cheque or cash.<\/p><h3>Bank details:<\/h3><p>Landhotel Ringelsteiner M\u00fchle<br \/>Sparkasse Mittelmosel<br \/>Account 321 877 26<br \/>BLZ 587 512 30<\/p><h3>Jurisdiction:<\/h3><p>The place of jurisdiction is Cochem \/ Mosel Local Court, 10.10.2007<\/p>\t\t\t\t\t\t\t\t<\/div>\n\t\t\t\t<\/div>\n\t\t\t\t\t<\/div>\n\t\t<\/div>\n\t\t\t\t\t<\/div>\n\t\t<\/section>\n\t\t\t\t<\/div>","protected":false},"excerpt":{"rendered":"<p>Unsere allgemeinen Gesch\u00e4ftsbedingungen (AGB) Landhotel Ringelsteiner M\u00fchleElztal 9456254 MoselkernDeutschland Vertreten durch: Rainer Herter Kontakt: Telefon: +49 2672-910-200Telefax: +49 2672-910-201E-Mail: info@ringelsteiner-muehle.de Reservierungsr\u00fccktritt: bis 42 Tage vor Ankunftsdatum frei bis 29 Tage vor Ankunftsdatum 50,00 \u20ac Stornogeb\u00fchr bis 14 Tage vor Ankunftsdatum [&hellip;]<\/p>","protected":false},"author":3,"featured_media":0,"parent":0,"menu_order":0,"comment_status":"closed","ping_status":"closed","template":"","meta":{"_acf_changed":false,"footnotes":""},"class_list":["post-4304","page","type-page","status-publish","hentry"],"acf":[],"yoast_head":"<!-- This site is optimized with the Yoast SEO plugin v26.6 - https:\/\/yoast.com\/wordpress\/plugins\/seo\/ -->\n<title>AGB - Landhotel Ringelsteiner M\u00fchle<\/title>\n<meta name=\"robots\" content=\"index, follow, max-snippet:-1, max-image-preview:large, max-video-preview:-1\" \/>\n<link rel=\"canonical\" href=\"https:\/\/ringelsteiner-muehle.de\/en\/agb\/\" \/>\n<meta property=\"og:locale\" content=\"en_GB\" \/>\n<meta property=\"og:type\" content=\"article\" \/>\n<meta property=\"og:title\" content=\"AGB - Landhotel Ringelsteiner M\u00fchle\" \/>\n<meta property=\"og:description\" content=\"Unsere allgemeinen Gesch\u00e4ftsbedingungen (AGB) Landhotel Ringelsteiner M\u00fchleElztal 9456254 MoselkernDeutschland Vertreten durch: Rainer Herter Kontakt: Telefon: +49 2672-910-200Telefax: +49 2672-910-201E-Mail: info@ringelsteiner-muehle.de Reservierungsr\u00fccktritt: bis 42 Tage vor Ankunftsdatum frei bis 29 Tage vor Ankunftsdatum 50,00 \u20ac Stornogeb\u00fchr bis 14 Tage vor Ankunftsdatum [&hellip;]\" \/>\n<meta property=\"og:url\" content=\"https:\/\/ringelsteiner-muehle.de\/en\/agb\/\" \/>\n<meta property=\"og:site_name\" content=\"Landhotel Ringelsteiner M\u00fchle\" \/>\n<meta property=\"article:modified_time\" content=\"2022-05-13T14:23:59+00:00\" \/>\n<meta name=\"twitter:card\" content=\"summary_large_image\" \/>\n<meta name=\"twitter:label1\" content=\"Estimated reading time\" \/>\n\t<meta name=\"twitter:data1\" content=\"2 minutes\" \/>\n<script type=\"application\/ld+json\" class=\"yoast-schema-graph\">{\"@context\":\"https:\/\/schema.org\",\"@graph\":[{\"@type\":\"WebPage\",\"@id\":\"https:\/\/ringelsteiner-muehle.de\/agb\/\",\"url\":\"https:\/\/ringelsteiner-muehle.de\/agb\/\",\"name\":\"AGB - Landhotel Ringelsteiner M\u00fchle\",\"isPartOf\":{\"@id\":\"http:\/\/ringelsteiner-muehle.de\/en\/#website\"},\"datePublished\":\"2022-04-20T18:01:23+00:00\",\"dateModified\":\"2022-05-13T14:23:59+00:00\",\"breadcrumb\":{\"@id\":\"https:\/\/ringelsteiner-muehle.de\/agb\/#breadcrumb\"},\"inLanguage\":\"en-GB\",\"potentialAction\":[{\"@type\":\"ReadAction\",\"target\":[\"https:\/\/ringelsteiner-muehle.de\/agb\/\"]}]},{\"@type\":\"BreadcrumbList\",\"@id\":\"https:\/\/ringelsteiner-muehle.de\/agb\/#breadcrumb\",\"itemListElement\":[{\"@type\":\"ListItem\",\"position\":1,\"name\":\"Home\",\"item\":\"https:\/\/ringelsteiner-muehle.de\/\"},{\"@type\":\"ListItem\",\"position\":2,\"name\":\"AGB\"}]},{\"@type\":\"WebSite\",\"@id\":\"http:\/\/ringelsteiner-muehle.de\/en\/#website\",\"url\":\"http:\/\/ringelsteiner-muehle.de\/en\/\",\"name\":\"Landhotel Ringelsteiner M\u00fchle\",\"description\":\"Ihr Hotel im Moseltal\",\"potentialAction\":[{\"@type\":\"SearchAction\",\"target\":{\"@type\":\"EntryPoint\",\"urlTemplate\":\"http:\/\/ringelsteiner-muehle.de\/en\/?s={search_term_string}\"},\"query-input\":{\"@type\":\"PropertyValueSpecification\",\"valueRequired\":true,\"valueName\":\"search_term_string\"}}],\"inLanguage\":\"en-GB\"}]}<\/script>\n<!-- \/ Yoast SEO plugin. -->","yoast_head_json":{"title":"AGB - Landhotel Ringelsteiner M\u00fchle","robots":{"index":"index","follow":"follow","max-snippet":"max-snippet:-1","max-image-preview":"max-image-preview:large","max-video-preview":"max-video-preview:-1"},"canonical":"https:\/\/ringelsteiner-muehle.de\/en\/agb\/","og_locale":"en_GB","og_type":"article","og_title":"AGB - Landhotel Ringelsteiner M\u00fchle","og_description":"Unsere allgemeinen Gesch\u00e4ftsbedingungen (AGB) Landhotel Ringelsteiner M\u00fchleElztal 9456254 MoselkernDeutschland Vertreten durch: Rainer Herter Kontakt: Telefon: +49 2672-910-200Telefax: +49 2672-910-201E-Mail: info@ringelsteiner-muehle.de Reservierungsr\u00fccktritt: bis 42 Tage vor Ankunftsdatum frei bis 29 Tage vor Ankunftsdatum 50,00 \u20ac Stornogeb\u00fchr bis 14 Tage vor Ankunftsdatum [&hellip;]","og_url":"https:\/\/ringelsteiner-muehle.de\/en\/agb\/","og_site_name":"Landhotel Ringelsteiner M\u00fchle","article_modified_time":"2022-05-13T14:23:59+00:00","twitter_card":"summary_large_image","twitter_misc":{"Estimated reading time":"2 minutes"},"schema":{"@context":"https:\/\/schema.org","@graph":[{"@type":"WebPage","@id":"https:\/\/ringelsteiner-muehle.de\/agb\/","url":"https:\/\/ringelsteiner-muehle.de\/agb\/","name":"AGB - Landhotel Ringelsteiner M\u00fchle","isPartOf":{"@id":"http:\/\/ringelsteiner-muehle.de\/en\/#website"},"datePublished":"2022-04-20T18:01:23+00:00","dateModified":"2022-05-13T14:23:59+00:00","breadcrumb":{"@id":"https:\/\/ringelsteiner-muehle.de\/agb\/#breadcrumb"},"inLanguage":"en-GB","potentialAction":[{"@type":"ReadAction","target":["https:\/\/ringelsteiner-muehle.de\/agb\/"]}]},{"@type":"BreadcrumbList","@id":"https:\/\/ringelsteiner-muehle.de\/agb\/#breadcrumb","itemListElement":[{"@type":"ListItem","position":1,"name":"Home","item":"https:\/\/ringelsteiner-muehle.de\/"},{"@type":"ListItem","position":2,"name":"AGB"}]},{"@type":"WebSite","@id":"http:\/\/ringelsteiner-muehle.de\/en\/#website","url":"http:\/\/ringelsteiner-muehle.de\/en\/","name":"Landhotel Ringelsteiner M\u00fchle","description":"Ihr Hotel im Moseltal","potentialAction":[{"@type":"SearchAction","target":{"@type":"EntryPoint","urlTemplate":"http:\/\/ringelsteiner-muehle.de\/en\/?s={search_term_string}"},"query-input":{"@type":"PropertyValueSpecification","valueRequired":true,"valueName":"search_term_string"}}],"inLanguage":"en-GB"}]}},"_links":{"self":[{"href":"http:\/\/ringelsteiner-muehle.de\/en\/wp-json\/wp\/v2\/pages\/4304","targetHints":{"allow":["GET"]}}],"collection":[{"href":"http:\/\/ringelsteiner-muehle.de\/en\/wp-json\/wp\/v2\/pages"}],"about":[{"href":"http:\/\/ringelsteiner-muehle.de\/en\/wp-json\/wp\/v2\/types\/page"}],"author":[{"embeddable":true,"href":"http:\/\/ringelsteiner-muehle.de\/en\/wp-json\/wp\/v2\/users\/3"}],"replies":[{"embeddable":true,"href":"http:\/\/ringelsteiner-muehle.de\/en\/wp-json\/wp\/v2\/comments?post=4304"}],"version-history":[{"count":7,"href":"http:\/\/ringelsteiner-muehle.de\/en\/wp-json\/wp\/v2\/pages\/4304\/revisions"}],"predecessor-version":[{"id":4542,"href":"http:\/\/ringelsteiner-muehle.de\/en\/wp-json\/wp\/v2\/pages\/4304\/revisions\/4542"}],"wp:attachment":[{"href":"http:\/\/ringelsteiner-muehle.de\/en\/wp-json\/wp\/v2\/media?parent=4304"}],"curies":[{"name":"wp","href":"https:\/\/api.w.org\/{rel}","templated":true}]}}