{"id":1804,"date":"2021-03-02T20:56:24","date_gmt":"2021-03-02T20:56:24","guid":{"rendered":"http:\/\/eyegnrt.cluster031.hosting.ovh.net\/?page_id=1804"},"modified":"2024-06-13T11:59:15","modified_gmt":"2024-06-13T11:59:15","slug":"ferienhaeuschen","status":"publish","type":"page","link":"http:\/\/ringelsteiner-muehle.de\/en\/zimmer\/ferienhaeuschen\/","title":{"rendered":"Chalet"},"content":{"rendered":"<div data-elementor-type=\"wp-page\" data-elementor-id=\"1804\" class=\"elementor elementor-1804\">\n\t\t\t\t\t\t<section class=\"elementor-section elementor-top-section elementor-element elementor-element-2566e1e elementor-section-height-min-height elementor-section-content-middle elementor-section-stretched elementor-section-boxed elementor-section-height-default elementor-section-items-middle\" data-id=\"2566e1e\" data-element_type=\"section\" data-settings=\"{&quot;stretch_section&quot;:&quot;section-stretched&quot;,&quot;background_background&quot;:&quot;classic&quot;,&quot;hoteller_ext_is_background_parallax&quot;:&quot;false&quot;,&quot;hoteller_ext_is_background_on_scroll&quot;:&quot;false&quot;}\">\n\t\t\t\t\t\t\t<div class=\"elementor-background-overlay\"><\/div>\n\t\t\t\t\t\t\t<div class=\"elementor-container elementor-column-gap-default\">\n\t\t\t\t\t<div class=\"elementor-column elementor-col-100 elementor-top-column elementor-element elementor-element-7e24d0e\" data-id=\"7e24d0e\" data-element_type=\"column\" data-settings=\"{&quot;hoteller_ext_is_scrollme&quot;:&quot;false&quot;,&quot;hoteller_ext_is_smoove&quot;:&quot;false&quot;,&quot;hoteller_ext_is_parallax_mouse&quot;:&quot;false&quot;,&quot;hoteller_ext_is_infinite&quot;:&quot;false&quot;,&quot;hoteller_ext_is_fadeout_animation&quot;:&quot;false&quot;}\">\n\t\t\t<div class=\"elementor-widget-wrap elementor-element-populated\">\n\t\t\t\t\t\t<div class=\"elementor-element elementor-element-305aa93 elementor-widget elementor-widget-hoteller-animated-text\" data-id=\"305aa93\" data-element_type=\"widget\" data-settings=\"{&quot;hoteller_ext_is_scrollme&quot;:&quot;false&quot;,&quot;hoteller_ext_is_smoove&quot;:&quot;false&quot;,&quot;hoteller_ext_is_parallax_mouse&quot;:&quot;false&quot;,&quot;hoteller_ext_is_infinite&quot;:&quot;false&quot;,&quot;hoteller_ext_is_fadeout_animation&quot;:&quot;false&quot;}\" data-widget_type=\"hoteller-animated-text.default\">\n\t\t\t\t<div class=\"elementor-widget-container\">\n\t\t\t\t\t<div class=\"themegoods-animated-text text-alignment-center transition-bottom overflow-hidden\" data-delimiter=\"word\" data-transition=\"100\" data-transition-delay=\"0\" data-transition-duration=\"800\">\n\t\t<h1>\n\t\tChalet\t<\/h1>\n\t<\/div>\t\t\t\t<\/div>\n\t\t\t\t<\/div>\n\t\t\t\t\t<\/div>\n\t\t<\/div>\n\t\t\t\t\t<\/div>\n\t\t<\/section>\n\t\t\t\t<section class=\"elementor-section elementor-top-section elementor-element elementor-element-406419b elementor-section-content-middle elementor-section-boxed elementor-section-height-default elementor-section-height-default\" data-id=\"406419b\" data-element_type=\"section\" data-settings=\"{&quot;hoteller_ext_is_background_parallax&quot;:&quot;false&quot;,&quot;hoteller_ext_is_background_on_scroll&quot;:&quot;false&quot;}\">\n\t\t\t\t\t\t<div class=\"elementor-container elementor-column-gap-default\">\n\t\t\t\t\t<div class=\"elementor-column elementor-col-33 elementor-top-column elementor-element elementor-element-8a1ebb3\" data-id=\"8a1ebb3\" data-element_type=\"column\" data-settings=\"{&quot;hoteller_ext_is_scrollme&quot;:&quot;false&quot;,&quot;hoteller_ext_is_smoove&quot;:&quot;false&quot;,&quot;hoteller_ext_is_parallax_mouse&quot;:&quot;false&quot;,&quot;hoteller_ext_is_infinite&quot;:&quot;false&quot;,&quot;hoteller_ext_is_fadeout_animation&quot;:&quot;false&quot;}\">\n\t\t\t<div class=\"elementor-widget-wrap elementor-element-populated\">\n\t\t\t\t\t\t<div class=\"elementor-element elementor-element-05bac50 elementor-widget elementor-widget-text-editor\" data-id=\"05bac50\" data-element_type=\"widget\" data-settings=\"{&quot;hoteller_ext_is_scrollme&quot;:&quot;false&quot;,&quot;hoteller_ext_is_smoove&quot;:&quot;false&quot;,&quot;hoteller_ext_is_parallax_mouse&quot;:&quot;false&quot;,&quot;hoteller_ext_is_infinite&quot;:&quot;false&quot;,&quot;hoteller_ext_is_fadeout_animation&quot;:&quot;false&quot;}\" data-widget_type=\"text-editor.default\">\n\t\t\t\t<div class=\"elementor-widget-container\">\n\t\t\t\t\t\t\t\t\t<p class=\"p1\">Our cozy all-wood chalet is a great place to linger amidst the greenery of the hotel garden. The comfortable double bed, the beautiful veranda, a seating area and a modern bathroom with shower invite you to a cozy stay. The air conditioning provides even more sleeping comfort on especially warm summer nights.<\/p><p>Feel free to bring your dog to our hotel; however, we only allow one dog per room.<\/p><p>You are welcome to park your bikes in our bike garage free of charge. E-bikes are charged at a flat rate of \u20ac1 per day and can be charged in your room or in the garage.<\/p>\t\t\t\t\t\t\t\t<\/div>\n\t\t\t\t<\/div>\n\t\t\t\t<div class=\"elementor-element elementor-element-ac168b8 elementor-align-left d21-trigger-ibe elementor-widget elementor-widget-button\" data-id=\"ac168b8\" data-element_type=\"widget\" data-settings=\"{&quot;hoteller_ext_is_scrollme&quot;:&quot;false&quot;,&quot;hoteller_ext_is_smoove&quot;:&quot;false&quot;,&quot;hoteller_ext_is_parallax_mouse&quot;:&quot;false&quot;,&quot;hoteller_ext_is_infinite&quot;:&quot;false&quot;,&quot;hoteller_ext_is_fadeout_animation&quot;:&quot;false&quot;}\" data-widget_type=\"button.default\">\n\t\t\t\t<div class=\"elementor-widget-container\">\n\t\t\t\t\t\t\t\t\t<div class=\"elementor-button-wrapper\">\n\t\t\t\t\t<a class=\"elementor-button elementor-button-link elementor-size-md\" href=\"#\">\n\t\t\t\t\t\t<span class=\"elementor-button-content-wrapper\">\n\t\t\t\t\t\t\t\t\t<span class=\"elementor-button-text\">BOOK THIS ROOM NOW<\/span>\n\t\t\t\t\t<\/span>\n\t\t\t\t\t<\/a>\n\t\t\t\t<\/div>\n\t\t\t\t\t\t\t\t<\/div>\n\t\t\t\t<\/div>\n\t\t\t\t\t<\/div>\n\t\t<\/div>\n\t\t\t\t<div class=\"elementor-column elementor-col-33 elementor-top-column elementor-element elementor-element-63597b9\" data-id=\"63597b9\" data-element_type=\"column\" data-settings=\"{&quot;hoteller_ext_is_scrollme&quot;:&quot;false&quot;,&quot;hoteller_ext_is_smoove&quot;:&quot;false&quot;,&quot;hoteller_ext_is_parallax_mouse&quot;:&quot;false&quot;,&quot;hoteller_ext_is_infinite&quot;:&quot;false&quot;,&quot;hoteller_ext_is_fadeout_animation&quot;:&quot;false&quot;}\">\n\t\t\t<div class=\"elementor-widget-wrap\">\n\t\t\t\t\t\t\t<\/div>\n\t\t<\/div>\n\t\t\t\t<div class=\"elementor-column elementor-col-33 elementor-top-column elementor-element elementor-element-24d657d\" data-id=\"24d657d\" data-element_type=\"column\" data-settings=\"{&quot;hoteller_ext_is_scrollme&quot;:&quot;false&quot;,&quot;hoteller_ext_is_smoove&quot;:&quot;false&quot;,&quot;hoteller_ext_is_parallax_mouse&quot;:&quot;false&quot;,&quot;hoteller_ext_is_infinite&quot;:&quot;false&quot;,&quot;hoteller_ext_is_fadeout_animation&quot;:&quot;false&quot;}\">\n\t\t\t<div class=\"elementor-widget-wrap elementor-element-populated\">\n\t\t\t\t\t\t<div class=\"elementor-element elementor-element-e3c51bf elementor-align-left elementor-list-item-link-full_width elementor-widget elementor-widget-icon-list\" data-id=\"e3c51bf\" data-element_type=\"widget\" data-settings=\"{&quot;hoteller_ext_is_scrollme&quot;:&quot;false&quot;,&quot;hoteller_ext_is_smoove&quot;:&quot;false&quot;,&quot;hoteller_ext_is_parallax_mouse&quot;:&quot;false&quot;,&quot;hoteller_ext_is_infinite&quot;:&quot;false&quot;,&quot;hoteller_ext_is_fadeout_animation&quot;:&quot;false&quot;}\" data-widget_type=\"icon-list.default\">\n\t\t\t\t<div class=\"elementor-widget-container\">\n\t\t\t\t\t\t\t<ul class=\"elementor-icon-list-items\">\n\t\t\t\t\t\t\t<li class=\"elementor-icon-list-item\">\n\t\t\t\t\t\t\t\t\t\t\t<span class=\"elementor-icon-list-icon\">\n\t\t\t\t\t\t\t<i aria-hidden=\"true\" class=\"fas fa-tree\"><\/i>\t\t\t\t\t\t<\/span>\n\t\t\t\t\t\t\t\t\t\t<span class=\"elementor-icon-list-text\">Quiet location<\/span>\n\t\t\t\t\t\t\t\t\t<\/li>\n\t\t\t\t\t\t\t\t<li class=\"elementor-icon-list-item\">\n\t\t\t\t\t\t\t\t\t\t\t<span class=\"elementor-icon-list-icon\">\n\t\t\t\t\t\t\t<i aria-hidden=\"true\" class=\"fas fa-bed\"><\/i>\t\t\t\t\t\t<\/span>\n\t\t\t\t\t\t\t\t\t\t<span class=\"elementor-icon-list-text\">Relaxing double bed<\/span>\n\t\t\t\t\t\t\t\t\t<\/li>\n\t\t\t\t\t\t\t\t<li class=\"elementor-icon-list-item\">\n\t\t\t\t\t\t\t\t\t\t\t<span class=\"elementor-icon-list-icon\">\n\t\t\t\t\t\t\t<i aria-hidden=\"true\" class=\"fas fa-wifi\"><\/i>\t\t\t\t\t\t<\/span>\n\t\t\t\t\t\t\t\t\t\t<span class=\"elementor-icon-list-text\">In-room Wi-Fi<\/span>\n\t\t\t\t\t\t\t\t\t<\/li>\n\t\t\t\t\t\t\t\t<li class=\"elementor-icon-list-item\">\n\t\t\t\t\t\t\t\t\t\t\t<span class=\"elementor-icon-list-icon\">\n\t\t\t\t\t\t\t<i aria-hidden=\"true\" class=\"fas fa-biking\"><\/i>\t\t\t\t\t\t<\/span>\n\t\t\t\t\t\t\t\t\t\t<span class=\"elementor-icon-list-text\">Bicycle garage\u00a0<\/span>\n\t\t\t\t\t\t\t\t\t<\/li>\n\t\t\t\t\t\t<\/ul>\n\t\t\t\t\t\t<\/div>\n\t\t\t\t<\/div>\n\t\t\t\t\t<\/div>\n\t\t<\/div>\n\t\t\t\t\t<\/div>\n\t\t<\/section>\n\t\t\t\t<section class=\"elementor-section elementor-top-section elementor-element elementor-element-960ffd4 elementor-section-stretched elementor-section-boxed elementor-section-height-default elementor-section-height-default\" data-id=\"960ffd4\" data-element_type=\"section\" data-settings=\"{&quot;stretch_section&quot;:&quot;section-stretched&quot;,&quot;background_background&quot;:&quot;classic&quot;,&quot;hoteller_ext_is_background_parallax&quot;:&quot;false&quot;,&quot;hoteller_ext_is_background_on_scroll&quot;:&quot;false&quot;}\">\n\t\t\t\t\t\t<div class=\"elementor-container elementor-column-gap-default\">\n\t\t\t\t\t<div class=\"elementor-column elementor-col-100 elementor-top-column elementor-element elementor-element-fa6238f\" data-id=\"fa6238f\" data-element_type=\"column\" data-settings=\"{&quot;hoteller_ext_is_scrollme&quot;:&quot;false&quot;,&quot;hoteller_ext_is_smoove&quot;:&quot;false&quot;,&quot;hoteller_ext_is_parallax_mouse&quot;:&quot;false&quot;,&quot;hoteller_ext_is_infinite&quot;:&quot;false&quot;,&quot;hoteller_ext_is_fadeout_animation&quot;:&quot;false&quot;}\">\n\t\t\t<div class=\"elementor-widget-wrap elementor-element-populated\">\n\t\t\t\t\t\t<div class=\"elementor-element elementor-element-69fddd9 elementor-widget elementor-widget-hoteller-animated-text\" data-id=\"69fddd9\" data-element_type=\"widget\" data-settings=\"{&quot;hoteller_ext_is_scrollme&quot;:&quot;false&quot;,&quot;hoteller_ext_is_smoove&quot;:&quot;false&quot;,&quot;hoteller_ext_is_parallax_mouse&quot;:&quot;false&quot;,&quot;hoteller_ext_is_infinite&quot;:&quot;false&quot;,&quot;hoteller_ext_is_fadeout_animation&quot;:&quot;false&quot;}\" data-widget_type=\"hoteller-animated-text.default\">\n\t\t\t\t<div class=\"elementor-widget-container\">\n\t\t\t\t\t<div class=\"themegoods-animated-text text-alignment- transition-bottom overflow-visible\" data-delimiter=\"sentence\" data-transition=\"100\" data-transition-delay=\"0\" data-transition-duration=\"800\">\n\t\t<p>\n\t\t  <h3>Size:<\/h3>\n  <p>20 square meters. (323 square feet)<\/p>\n<h3>Internet:<\/h3>\n  <p>Free Wi-Fi is available throughout the hotel - even in your room.<\/p>\n  <h3>Room amenities:<\/h3>\n  <p>Large double bed (1.8 m \/ 5'9\")\n| flat-screen TV | bathroom with shower | hairdryer | toiletries | air-conditioning | closet | free Wi-Fi | possibility of one extra bed | <strong>no<\/strong> Kochm\u00f6glichkeit.<\/p>\t<\/p>\n\t<\/div>\t\t\t\t<\/div>\n\t\t\t\t<\/div>\n\t\t\t\t\t<\/div>\n\t\t<\/div>\n\t\t\t\t\t<\/div>\n\t\t<\/section>\n\t\t\t\t<section class=\"elementor-section elementor-top-section elementor-element elementor-element-a677539 elementor-section-full_width elementor-section-stretched elementor-section-height-default elementor-section-height-default\" data-id=\"a677539\" data-element_type=\"section\" data-settings=\"{&quot;stretch_section&quot;:&quot;section-stretched&quot;,&quot;hoteller_ext_is_background_parallax&quot;:&quot;false&quot;,&quot;hoteller_ext_is_background_on_scroll&quot;:&quot;false&quot;}\">\n\t\t\t\t\t\t<div class=\"elementor-container elementor-column-gap-default\">\n\t\t\t\t\t<div class=\"elementor-column elementor-col-100 elementor-top-column elementor-element elementor-element-0fcb3c2\" data-id=\"0fcb3c2\" data-element_type=\"column\" data-settings=\"{&quot;hoteller_ext_is_scrollme&quot;:&quot;false&quot;,&quot;hoteller_ext_is_smoove&quot;:&quot;false&quot;,&quot;hoteller_ext_is_parallax_mouse&quot;:&quot;false&quot;,&quot;hoteller_ext_is_infinite&quot;:&quot;false&quot;,&quot;hoteller_ext_is_fadeout_animation&quot;:&quot;false&quot;}\">\n\t\t\t<div class=\"elementor-widget-wrap elementor-element-populated\">\n\t\t\t\t\t\t<div class=\"elementor-element elementor-element-63b6819 elementor-widget elementor-widget-hoteller-gallery-horizontal\" data-id=\"63b6819\" data-element_type=\"widget\" data-settings=\"{&quot;hoteller_ext_is_scrollme&quot;:&quot;false&quot;,&quot;hoteller_ext_is_smoove&quot;:&quot;false&quot;,&quot;hoteller_ext_is_parallax_mouse&quot;:&quot;false&quot;,&quot;hoteller_ext_is_infinite&quot;:&quot;false&quot;,&quot;hoteller_ext_is_fadeout_animation&quot;:&quot;false&quot;}\" data-widget_type=\"hoteller-gallery-horizontal.default\">\n\t\t\t\t<div class=\"elementor-widget-container\">\n\t\t\t\t\t<div class=\"tg_horizontal_gallery_wrapper\" data-autoplay=\"0\" data-loop=\"0\" data-navigation=\"1\" data-pagination=\"0\" data-parallax=\"0\" data-fullscreen=\"0\">\n\t\t<div class=\"tg_horizontal_gallery_cell\" style=\"margin-right:20px\">\n\t\t\t\t\t\t<img class=\"tg_horizontal_gallery_cell_img\" data-flickity-lazyload=\"https:\/\/ringelsteiner-muehle.de\/wp-content\/uploads\/2021\/08\/ferienhaus-001_Easy-Resize.com_.jpg\" alt=\"\" style=\"height:600px;\" \/>\n\t\t\t\t\t<\/div>\n\t\t<div class=\"tg_horizontal_gallery_cell\" style=\"margin-right:20px\">\n\t\t\t\t\t\t<img class=\"tg_horizontal_gallery_cell_img\" data-flickity-lazyload=\"https:\/\/ringelsteiner-muehle.de\/wp-content\/uploads\/2021\/08\/ferienhaus-002_Easy-Resize.com_.jpg\" alt=\"\" style=\"height:600px;\" \/>\n\t\t\t\t\t<\/div>\n\t\t<div class=\"tg_horizontal_gallery_cell\" style=\"margin-right:20px\">\n\t\t\t\t\t\t<img class=\"tg_horizontal_gallery_cell_img\" data-flickity-lazyload=\"https:\/\/ringelsteiner-muehle.de\/wp-content\/uploads\/2021\/08\/ferienhaus-003_Easy-Resize.com_-1.jpg\" alt=\"\" style=\"height:600px;\" \/>\n\t\t\t\t\t<\/div>\n\t\t<div class=\"tg_horizontal_gallery_cell\" style=\"margin-right:20px\">\n\t\t\t\t\t\t<img class=\"tg_horizontal_gallery_cell_img\" data-flickity-lazyload=\"https:\/\/ringelsteiner-muehle.de\/wp-content\/uploads\/2021\/08\/ferienhaus-007_Easy-Resize.com_.jpg\" alt=\"\" style=\"height:600px;\" \/>\n\t\t\t\t\t<\/div>\n\t\t<div class=\"tg_horizontal_gallery_cell\" style=\"margin-right:20px\">\n\t\t\t\t\t\t<img class=\"tg_horizontal_gallery_cell_img\" data-flickity-lazyload=\"https:\/\/ringelsteiner-muehle.de\/wp-content\/uploads\/2021\/08\/ferienhaus-008_Easy-Resize.com_-1.jpg\" alt=\"\" style=\"height:600px;\" \/>\n\t\t\t\t\t<\/div>\n\t\t<div class=\"tg_horizontal_gallery_cell\" style=\"margin-right:20px\">\n\t\t\t\t\t\t<img class=\"tg_horizontal_gallery_cell_img\" data-flickity-lazyload=\"https:\/\/ringelsteiner-muehle.de\/wp-content\/uploads\/2021\/08\/ferienhaus-010_Easy-Resize.com_.jpg\" alt=\"\" style=\"height:600px;\" \/>\n\t\t\t\t\t<\/div>\n\t\t<div class=\"tg_horizontal_gallery_cell\" style=\"margin-right:20px\">\n\t\t\t\t\t\t<img class=\"tg_horizontal_gallery_cell_img\" data-flickity-lazyload=\"https:\/\/ringelsteiner-muehle.de\/wp-content\/uploads\/2021\/08\/ferienhaus-bath-001_Easy-Resize.com_.jpg\" alt=\"\" style=\"height:600px;\" \/>\n\t\t\t\t\t<\/div>\n<\/div>\n\t\t\t\t<\/div>\n\t\t\t\t<\/div>\n\t\t\t\t\t<\/div>\n\t\t<\/div>\n\t\t\t\t\t<\/div>\n\t\t<\/section>\n\t\t\t\t<\/div>","protected":false},"excerpt":{"rendered":"<p>Ferienh\u00e4uschen In unserem gem\u00fctlichen Chalet ganz aus Holz l\u00e4sst es sich inmitten der gr\u00fcnen Umgebung des Hotelgartens herrlich verweilen. Das komfortable Doppelbett, die sch\u00f6ne Veranda, eine Sitzgelegenheit und ein modernes Bad mit Dusche laden zu einem gem\u00fctlichen Aufenthalt ein. Die [&hellip;]<\/p>","protected":false},"author":3,"featured_media":0,"parent":606,"menu_order":0,"comment_status":"closed","ping_status":"closed","template":"","meta":{"_acf_changed":false,"footnotes":""},"class_list":["post-1804","page","type-page","status-publish","hentry"],"acf":[],"yoast_head":"<!-- This site is optimized with the Yoast SEO plugin v26.6 - https:\/\/yoast.com\/wordpress\/plugins\/seo\/ -->\n<title>Ferienh\u00e4uschen - Landhotel Ringelsteiner M\u00fchle<\/title>\n<meta name=\"robots\" content=\"index, follow, max-snippet:-1, max-image-preview:large, max-video-preview:-1\" \/>\n<link rel=\"canonical\" href=\"https:\/\/ringelsteiner-muehle.de\/en\/zimmer\/ferienhaeuschen\/\" \/>\n<meta property=\"og:locale\" content=\"en_GB\" \/>\n<meta property=\"og:type\" content=\"article\" \/>\n<meta property=\"og:title\" content=\"Ferienh\u00e4uschen - Landhotel Ringelsteiner M\u00fchle\" \/>\n<meta property=\"og:description\" content=\"Ferienh\u00e4uschen In unserem gem\u00fctlichen Chalet ganz aus Holz l\u00e4sst es sich inmitten der gr\u00fcnen Umgebung des Hotelgartens herrlich verweilen. Das komfortable Doppelbett, die sch\u00f6ne Veranda, eine Sitzgelegenheit und ein modernes Bad mit Dusche laden zu einem gem\u00fctlichen Aufenthalt ein. Die [&hellip;]\" \/>\n<meta property=\"og:url\" content=\"https:\/\/ringelsteiner-muehle.de\/en\/zimmer\/ferienhaeuschen\/\" \/>\n<meta property=\"og:site_name\" content=\"Landhotel Ringelsteiner M\u00fchle\" \/>\n<meta property=\"article:modified_time\" content=\"2024-06-13T11:59:15+00:00\" \/>\n<meta name=\"twitter:card\" content=\"summary_large_image\" \/>\n<meta name=\"twitter:label1\" content=\"Estimated reading time\" \/>\n\t<meta name=\"twitter:data1\" content=\"3 minutes\" \/>\n<script type=\"application\/ld+json\" class=\"yoast-schema-graph\">{\"@context\":\"https:\/\/schema.org\",\"@graph\":[{\"@type\":\"WebPage\",\"@id\":\"https:\/\/ringelsteiner-muehle.de\/zimmer\/ferienhaeuschen\/\",\"url\":\"https:\/\/ringelsteiner-muehle.de\/zimmer\/ferienhaeuschen\/\",\"name\":\"Ferienh\u00e4uschen - Landhotel Ringelsteiner M\u00fchle\",\"isPartOf\":{\"@id\":\"http:\/\/ringelsteiner-muehle.de\/en\/#website\"},\"datePublished\":\"2021-03-02T20:56:24+00:00\",\"dateModified\":\"2024-06-13T11:59:15+00:00\",\"breadcrumb\":{\"@id\":\"https:\/\/ringelsteiner-muehle.de\/zimmer\/ferienhaeuschen\/#breadcrumb\"},\"inLanguage\":\"en-GB\",\"potentialAction\":[{\"@type\":\"ReadAction\",\"target\":[\"https:\/\/ringelsteiner-muehle.de\/zimmer\/ferienhaeuschen\/\"]}]},{\"@type\":\"BreadcrumbList\",\"@id\":\"https:\/\/ringelsteiner-muehle.de\/zimmer\/ferienhaeuschen\/#breadcrumb\",\"itemListElement\":[{\"@type\":\"ListItem\",\"position\":1,\"name\":\"Home\",\"item\":\"https:\/\/ringelsteiner-muehle.de\/\"},{\"@type\":\"ListItem\",\"position\":2,\"name\":\"Zimmer\",\"item\":\"https:\/\/ringelsteiner-muehle.de\/zimmer\/\"},{\"@type\":\"ListItem\",\"position\":3,\"name\":\"Ferienh\u00e4uschen\"}]},{\"@type\":\"WebSite\",\"@id\":\"http:\/\/ringelsteiner-muehle.de\/en\/#website\",\"url\":\"http:\/\/ringelsteiner-muehle.de\/en\/\",\"name\":\"Landhotel Ringelsteiner M\u00fchle\",\"description\":\"Ihr Hotel im Moseltal\",\"potentialAction\":[{\"@type\":\"SearchAction\",\"target\":{\"@type\":\"EntryPoint\",\"urlTemplate\":\"http:\/\/ringelsteiner-muehle.de\/en\/?s={search_term_string}\"},\"query-input\":{\"@type\":\"PropertyValueSpecification\",\"valueRequired\":true,\"valueName\":\"search_term_string\"}}],\"inLanguage\":\"en-GB\"}]}<\/script>\n<!-- \/ Yoast SEO plugin. -->","yoast_head_json":{"title":"Ferienh\u00e4uschen - Landhotel Ringelsteiner M\u00fchle","robots":{"index":"index","follow":"follow","max-snippet":"max-snippet:-1","max-image-preview":"max-image-preview:large","max-video-preview":"max-video-preview:-1"},"canonical":"https:\/\/ringelsteiner-muehle.de\/en\/zimmer\/ferienhaeuschen\/","og_locale":"en_GB","og_type":"article","og_title":"Ferienh\u00e4uschen - Landhotel Ringelsteiner M\u00fchle","og_description":"Ferienh\u00e4uschen In unserem gem\u00fctlichen Chalet ganz aus Holz l\u00e4sst es sich inmitten der gr\u00fcnen Umgebung des Hotelgartens herrlich verweilen. Das komfortable Doppelbett, die sch\u00f6ne Veranda, eine Sitzgelegenheit und ein modernes Bad mit Dusche laden zu einem gem\u00fctlichen Aufenthalt ein. Die [&hellip;]","og_url":"https:\/\/ringelsteiner-muehle.de\/en\/zimmer\/ferienhaeuschen\/","og_site_name":"Landhotel Ringelsteiner M\u00fchle","article_modified_time":"2024-06-13T11:59:15+00:00","twitter_card":"summary_large_image","twitter_misc":{"Estimated reading time":"3 minutes"},"schema":{"@context":"https:\/\/schema.org","@graph":[{"@type":"WebPage","@id":"https:\/\/ringelsteiner-muehle.de\/zimmer\/ferienhaeuschen\/","url":"https:\/\/ringelsteiner-muehle.de\/zimmer\/ferienhaeuschen\/","name":"Ferienh\u00e4uschen - Landhotel Ringelsteiner M\u00fchle","isPartOf":{"@id":"http:\/\/ringelsteiner-muehle.de\/en\/#website"},"datePublished":"2021-03-02T20:56:24+00:00","dateModified":"2024-06-13T11:59:15+00:00","breadcrumb":{"@id":"https:\/\/ringelsteiner-muehle.de\/zimmer\/ferienhaeuschen\/#breadcrumb"},"inLanguage":"en-GB","potentialAction":[{"@type":"ReadAction","target":["https:\/\/ringelsteiner-muehle.de\/zimmer\/ferienhaeuschen\/"]}]},{"@type":"BreadcrumbList","@id":"https:\/\/ringelsteiner-muehle.de\/zimmer\/ferienhaeuschen\/#breadcrumb","itemListElement":[{"@type":"ListItem","position":1,"name":"Home","item":"https:\/\/ringelsteiner-muehle.de\/"},{"@type":"ListItem","position":2,"name":"Zimmer","item":"https:\/\/ringelsteiner-muehle.de\/zimmer\/"},{"@type":"ListItem","position":3,"name":"Ferienh\u00e4uschen"}]},{"@type":"WebSite","@id":"http:\/\/ringelsteiner-muehle.de\/en\/#website","url":"http:\/\/ringelsteiner-muehle.de\/en\/","name":"Landhotel Ringelsteiner M\u00fchle","description":"Ihr Hotel im Moseltal","potentialAction":[{"@type":"SearchAction","target":{"@type":"EntryPoint","urlTemplate":"http:\/\/ringelsteiner-muehle.de\/en\/?s={search_term_string}"},"query-input":{"@type":"PropertyValueSpecification","valueRequired":true,"valueName":"search_term_string"}}],"inLanguage":"en-GB"}]}},"_links":{"self":[{"href":"http:\/\/ringelsteiner-muehle.de\/en\/wp-json\/wp\/v2\/pages\/1804","targetHints":{"allow":["GET"]}}],"collection":[{"href":"http:\/\/ringelsteiner-muehle.de\/en\/wp-json\/wp\/v2\/pages"}],"about":[{"href":"http:\/\/ringelsteiner-muehle.de\/en\/wp-json\/wp\/v2\/types\/page"}],"author":[{"embeddable":true,"href":"http:\/\/ringelsteiner-muehle.de\/en\/wp-json\/wp\/v2\/users\/3"}],"replies":[{"embeddable":true,"href":"http:\/\/ringelsteiner-muehle.de\/en\/wp-json\/wp\/v2\/comments?post=1804"}],"version-history":[{"count":108,"href":"http:\/\/ringelsteiner-muehle.de\/en\/wp-json\/wp\/v2\/pages\/1804\/revisions"}],"predecessor-version":[{"id":5513,"href":"http:\/\/ringelsteiner-muehle.de\/en\/wp-json\/wp\/v2\/pages\/1804\/revisions\/5513"}],"up":[{"embeddable":true,"href":"http:\/\/ringelsteiner-muehle.de\/en\/wp-json\/wp\/v2\/pages\/606"}],"wp:attachment":[{"href":"http:\/\/ringelsteiner-muehle.de\/en\/wp-json\/wp\/v2\/media?parent=1804"}],"curies":[{"name":"wp","href":"https:\/\/api.w.org\/{rel}","templated":true}]}}